{"id":3279,"date":"2026-02-11T11:58:56","date_gmt":"2026-02-11T16:58:56","guid":{"rendered":"https:\/\/www.iglesiaidges.org\/?page_id=3279"},"modified":"2026-02-27T10:18:25","modified_gmt":"2026-02-27T15:18:25","slug":"iglesia-idges-playa-rica-villavicencio-meta","status":"publish","type":"page","link":"https:\/\/www.iglesiaidges.org\/index.php\/iglesia-idges-playa-rica-villavicencio-meta\/","title":{"rendered":"Iglesia IDGES Playa rica Villavicencio Meta"},"content":{"rendered":"\t\t<div data-elementor-type=\"wp-page\" data-elementor-id=\"3279\" class=\"elementor elementor-3279\" data-elementor-post-type=\"page\">\n\t\t\t\t<div class=\"elementor-element elementor-element-d5576eb e-flex e-con-boxed e-con e-parent\" data-id=\"d5576eb\" data-element_type=\"container\">\n\t\t\t\t\t<div class=\"e-con-inner\">\n\t\t\t\t<div class=\"elementor-element elementor-element-1b43392 elementor-widget elementor-widget-heading\" data-id=\"1b43392\" data-element_type=\"widget\" data-widget_type=\"heading.default\">\n\t\t\t\t\t<h2 class=\"elementor-heading-title elementor-size-default\">Iglesia IDGES  Playa rica Villavicencio Meta<\/h2>\t\t\t\t<\/div>\n\t\t\t\t\t<\/div>\n\t\t\t\t<\/div>\n\t\t<div class=\"elementor-element elementor-element-bdb132c e-flex e-con-boxed e-con e-parent\" data-id=\"bdb132c\" data-element_type=\"container\">\n\t\t\t\t\t<div class=\"e-con-inner\">\n\t\t<div class=\"elementor-element elementor-element-ccd114b e-con-full e-flex e-con e-child\" data-id=\"ccd114b\" data-element_type=\"container\">\n\t\t\t\t<div class=\"elementor-element elementor-element-3b3ee6e elementor-cta--skin-classic elementor-animated-content elementor-bg-transform elementor-bg-transform-zoom-in eael_liquid_glass-effect1 eael_liquid_glass_shadow-effect1 elementor-widget elementor-widget-call-to-action\" data-id=\"3b3ee6e\" data-element_type=\"widget\" data-widget_type=\"call-to-action.default\">\n\t\t\t\t\t\t\t<div class=\"elementor-cta\">\n\t\t\t\t\t<div class=\"elementor-cta__bg-wrapper\">\n\t\t\t\t<div class=\"elementor-cta__bg elementor-bg\" style=\"background-image: url(https:\/\/www.iglesiaidges.org\/wp-content\/uploads\/2026\/02\/foto-playa-rica-vivllavicencio-mmeta2.jpg);\" role=\"img\" aria-label=\"foto playa rica vivllavicencio mmeta2\"><\/div>\n\t\t\t\t<div class=\"elementor-cta__bg-overlay\"><\/div>\n\t\t\t<\/div>\n\t\t\t\t\t\t\t<div class=\"elementor-cta__content\">\n\t\t\t\t\n\t\t\t\t\t\t\t\t\t<h5 class=\"elementor-cta__title elementor-cta__content-item elementor-content-item\">\n\t\t\t\t\t\tCalle 20 A sur # 53 B 18 \u2013 playarica@iglesiaidges.org\t\t\t\t\t<\/h5>\n\t\t\t\t\n\t\t\t\t\n\t\t\t\t\t\t\t\t\t<div class=\"elementor-cta__button-wrapper elementor-cta__content-item elementor-content-item \">\n\t\t\t\t\t<a class=\"elementor-cta__button elementor-button elementor-size-\" href=\"https:\/\/www.iglesiaidges.org\/index.php\/zona-2-regional-llanos\/\">\n\t\t\t\t\t\tVER TODA LA ZONA\t\t\t\t\t<\/a>\n\t\t\t\t\t<\/div>\n\t\t\t\t\t\t\t<\/div>\n\t\t\t\t\t\t<\/div>\n\t\t\t\t\t\t<\/div>\n\t\t\t\t<\/div>\n\t\t<div class=\"elementor-element elementor-element-e029e92 e-con-full e-flex e-con e-child\" data-id=\"e029e92\" data-element_type=\"container\">\n\t\t\t\t<div class=\"elementor-element elementor-element-7cef7e5 elementor-widget elementor-widget-text-editor\" data-id=\"7cef7e5\" data-element_type=\"widget\" data-widget_type=\"text-editor.default\">\n\t\t\t\t\t\t\t\t\t<h3><em><strong>Servicio Congregacional<\/strong><\/em><\/h3><ul><li>Domingo 8 AM y 11 AM Predicaci\u00f3n<\/li><li>S\u00e1bado 8:00 a 10:00 AM consejer\u00eda y de<br \/>10:00 a 12: M Entrega de ayuno<\/li><li>Viernes 7:00 PM Alabanza<\/li><li>Jueves 7:00 PM Predicaci\u00f3n<\/li><li>Mi\u00e9rcoles 7:00 PM Estudio b\u00edblico<\/li><\/ul><p><strong>Abre tu coraz\u00f3n y acomp\u00e1\u00f1anos a exaltar el nombre del Se\u00f1or en unidad y fe.<br \/><\/strong><br \/><em>Cuando Dios gu\u00eda, todo cambia.<\/em><br data-start=\"801\" data-end=\"804\" \/><em>Permite que el Esp\u00edritu Santo transforme tu coraz\u00f3n.<\/em><\/p><p><strong>Pastor Ordenado.<\/strong> <em><a href=\"https:\/\/www.iglesiaidges.org\/index.php\/luis-eduardo-barrero-rodriguez\/\">Luis Eduardo Borrero Rodriguez\u00a0<\/a><\/em><\/p>\t\t\t\t\t\t\t\t<\/div>\n\t\t\t\t<\/div>\n\t\t\t\t\t<\/div>\n\t\t\t\t<\/div>\n\t\t<div class=\"elementor-element elementor-element-85690c8 e-flex e-con-boxed e-con e-parent\" data-id=\"85690c8\" data-element_type=\"container\">\n\t\t\t\t\t<div class=\"e-con-inner\">\n\t\t\t\t\t<\/div>\n\t\t\t\t<\/div>\n\t\t\t\t<\/div>\n\t\t","protected":false},"excerpt":{"rendered":"<p>Iglesia IDGES Playa rica Villavicencio Meta Calle 20 A sur # 53 B 18 \u2013 playarica@iglesiaidges.org VER TODA LA ZONA Servicio Congregacional Domingo 8 AM y 11 AM Predicaci\u00f3n S\u00e1bado [&hellip;]<\/p>\n","protected":false},"author":1,"featured_media":0,"parent":0,"menu_order":0,"comment_status":"closed","ping_status":"closed","template":"","meta":{"site-sidebar-layout":"no-sidebar","site-content-layout":"","ast-site-content-layout":"full-width-container","site-content-style":"default","site-sidebar-style":"default","ast-global-header-display":"","ast-banner-title-visibility":"","ast-main-header-display":"","ast-hfb-above-header-display":"","ast-hfb-below-header-display":"","ast-hfb-mobile-header-display":"","site-post-title":"disabled","ast-breadcrumbs-content":"","ast-featured-img":"disabled","footer-sml-layout":"","ast-disable-related-posts":"","theme-transparent-header-meta":"","adv-header-id-meta":"","stick-header-meta":"","header-above-stick-meta":"","header-main-stick-meta":"","header-below-stick-meta":"","astra-migrate-meta-layouts":"default","ast-page-background-enabled":"default","ast-page-background-meta":{"desktop":{"background-color":"var(--ast-global-color-5)","background-image":"","background-repeat":"repeat","background-position":"center center","background-size":"auto","background-attachment":"scroll","background-type":"","background-media":"","overlay-type":"","overlay-color":"","overlay-opacity":"","overlay-gradient":""},"tablet":{"background-color":"","background-image":"","background-repeat":"repeat","background-position":"center center","background-size":"auto","background-attachment":"scroll","background-type":"","background-media":"","overlay-type":"","overlay-color":"","overlay-opacity":"","overlay-gradient":""},"mobile":{"background-color":"","background-image":"","background-repeat":"repeat","background-position":"center center","background-size":"auto","background-attachment":"scroll","background-type":"","background-media":"","overlay-type":"","overlay-color":"","overlay-opacity":"","overlay-gradient":""}},"ast-content-background-meta":{"desktop":{"background-color":"var(--ast-global-color-4)","background-image":"","background-repeat":"repeat","background-position":"center center","background-size":"auto","background-attachment":"scroll","background-type":"","background-media":"","overlay-type":"","overlay-color":"","overlay-opacity":"","overlay-gradient":""},"tablet":{"background-color":"var(--ast-global-color-4)","background-image":"","background-repeat":"repeat","background-position":"center center","background-size":"auto","background-attachment":"scroll","background-type":"","background-media":"","overlay-type":"","overlay-color":"","overlay-opacity":"","overlay-gradient":""},"mobile":{"background-color":"var(--ast-global-color-4)","background-image":"","background-repeat":"repeat","background-position":"center center","background-size":"auto","background-attachment":"scroll","background-type":"","background-media":"","overlay-type":"","overlay-color":"","overlay-opacity":"","overlay-gradient":""}},"footnotes":""},"class_list":["post-3279","page","type-page","status-publish","hentry"],"_links":{"self":[{"href":"https:\/\/www.iglesiaidges.org\/index.php\/wp-json\/wp\/v2\/pages\/3279","targetHints":{"allow":["GET"]}}],"collection":[{"href":"https:\/\/www.iglesiaidges.org\/index.php\/wp-json\/wp\/v2\/pages"}],"about":[{"href":"https:\/\/www.iglesiaidges.org\/index.php\/wp-json\/wp\/v2\/types\/page"}],"author":[{"embeddable":true,"href":"https:\/\/www.iglesiaidges.org\/index.php\/wp-json\/wp\/v2\/users\/1"}],"replies":[{"embeddable":true,"href":"https:\/\/www.iglesiaidges.org\/index.php\/wp-json\/wp\/v2\/comments?post=3279"}],"version-history":[{"count":25,"href":"https:\/\/www.iglesiaidges.org\/index.php\/wp-json\/wp\/v2\/pages\/3279\/revisions"}],"predecessor-version":[{"id":4942,"href":"https:\/\/www.iglesiaidges.org\/index.php\/wp-json\/wp\/v2\/pages\/3279\/revisions\/4942"}],"wp:attachment":[{"href":"https:\/\/www.iglesiaidges.org\/index.php\/wp-json\/wp\/v2\/media?parent=3279"}],"curies":[{"name":"wp","href":"https:\/\/api.w.org\/{rel}","templated":true}]}}