{"id":4279,"date":"2026-02-24T10:30:15","date_gmt":"2026-02-24T15:30:15","guid":{"rendered":"https:\/\/www.iglesiaidges.org\/?page_id=4279"},"modified":"2026-02-24T10:37:28","modified_gmt":"2026-02-24T15:37:28","slug":"jose-ever-castaneda","status":"publish","type":"page","link":"https:\/\/www.iglesiaidges.org\/index.php\/jose-ever-castaneda\/","title":{"rendered":"Jos\u00e9 Ever Casta\u00f1eda"},"content":{"rendered":"\t\t<div data-elementor-type=\"wp-page\" data-elementor-id=\"4279\" class=\"elementor elementor-4279\" data-elementor-post-type=\"page\">\n\t\t\t\t<div class=\"elementor-element elementor-element-9f745e5 e-flex e-con-boxed e-con e-parent\" data-id=\"9f745e5\" data-element_type=\"container\">\n\t\t\t\t\t<div class=\"e-con-inner\">\n\t\t\t\t<div class=\"elementor-element elementor-element-5b34605 elementor-widget elementor-widget-heading\" data-id=\"5b34605\" data-element_type=\"widget\" data-widget_type=\"heading.default\">\n\t\t\t\t\t<h3 class=\"elementor-heading-title elementor-size-default\">\u00bfQuieres saber quien es Jos\u00e9 Ever Casta\u00f1eda? presiona el  bot\u00f3n Azul <\/h3>\t\t\t\t<\/div>\n\t\t\t\t\t<\/div>\n\t\t\t\t<\/div>\n\t\t<div class=\"elementor-element elementor-element-ecb7d58 e-flex e-con-boxed e-con e-parent\" data-id=\"ecb7d58\" data-element_type=\"container\">\n\t\t\t\t\t<div class=\"e-con-inner\">\n\t\t\t\t<div class=\"elementor-element elementor-element-148e307 elementor-widget elementor-widget-html\" data-id=\"148e307\" data-element_type=\"widget\" data-widget_type=\"html.default\">\n\t\t\t\t\t<!-- BOT\u00d3N CENTRADO -->\r\n<button class=\"open-card\">Ver perfil ministerial<\/button>\r\n\r\n<!-- MODAL -->\r\n<div class=\"modal-overlay\" id=\"modalCard\">\r\n  <div class=\"modal-card\">\r\n    <span class=\"close-modal\">&times;<\/span>\r\n\r\n    <!-- HEADER OVALADO -->\r\n    <div class=\"card-header\">\r\n      <img decoding=\"async\" src=\"https:\/\/www.iglesiaidges.org\/wp-content\/uploads\/2025\/12\/Jose-Ever-Castaneda-Preciado-Pastor-Ordenado-Iglesia-Puerto-Lopez.jpg\">\r\n      <h2>Jos\u00e9 Ever Casta\u00f1eda Preciado<\/h2>\r\n      <p>Casado con Oliva Barrios Calder\u00f3n \u00b7 Padre de 3 hijos<\/p>\r\n    <\/div>\r\n\r\n    <!-- CONTENIDO -->\r\n    <div class=\"card-body\">\r\n\r\n      <h3>\ud83d\udccc Informaci\u00f3n Personal<\/h3>\r\n      <ul>\r\n        <li><strong>Fecha de nacimiento:<\/strong> 31 de julio de 1981<\/li>\r\n        <li><strong>Estado civil:<\/strong> Casado<\/li>\r\n        <li><strong>Hijos:<\/strong> 3<\/li>\r\n      <\/ul>\r\n\r\n      <h3>\ud83c\udf93 Estudios Teol\u00f3gicos y Ministeriales<\/h3>\r\n      <ul>\r\n        <li>Tecn\u00f3logo en Teolog\u00eda y Ciencias Religiosas<\/li>\r\n        <li>Licenciado en Teolog\u00edas y Ciencias Religiosas<\/li>\r\n      <\/ul>\r\n\r\n      <h3>\ud83d\udcda Estudios Seculares<\/h3>\r\n      <ul>\r\n        <li>Bachiller<\/li>\r\n      <\/ul>\r\n\r\n      <h3>\ud83c\udf96 Diplomados<\/h3>\r\n      <ul>\r\n        <li>Teolog\u00eda<\/li>\r\n        <li>Seminario B\u00edblico<\/li>\r\n        <li>Hebreo<\/li>\r\n      <\/ul>\r\n\r\n      <h3>\ud83d\udcbc Recuento Laboral<\/h3>\r\n      <p>\r\n        Ingres\u00e9 al trabajo secular hace m\u00e1s de 30 a\u00f1os buscando estabilidad.\r\n        Mi enfoque era ascender, alcanzar logros tangibles y obtener un buen puesto.\r\n        Sin embargo, a pesar de tener buenos ingresos, me sent\u00eda vac\u00edo interiormente.\r\n      <\/p>\r\n\r\n      <h3>\ud83d\ude4f Recuento Espiritual<\/h3>\r\n      <p>\r\n        Fue entonces cuando entregu\u00e9 mi vida a Cristo, creyendo que \u00c9l llenar\u00eda ese vac\u00edo.\r\n        Decid\u00ed colocar mi vida al servicio de Dios y de la comunidad, sin esperar nada a cambio.\r\n      <\/p>\r\n      <p>\r\n        Por el amor y la gracia de Dios, llevo 15 a\u00f1os sirvi\u00e9ndole y me siento un hombre\r\n        privilegiado de servir al Se\u00f1or Jesucristo con todo mi coraz\u00f3n.\r\n      <\/p>\r\n\r\n      <blockquote>\r\n        \u201cServir a Cristo no es una carga, es el mayor privilegio de mi vida.\u201d\r\n      <\/blockquote>\r\n\r\n      <div class=\"mensaje-final\">\r\n        \ud83e\udd1d Gracias por ver mi perfil ministerial\r\n      <\/div>\r\n\r\n    <\/div>\r\n  <\/div>\r\n<\/div>\r\n\r\n<style>\r\n\r\n\/* BOT\u00d3N CENTRADO *\/\r\n.open-card {\r\n  background: #0b3c5d;\r\n  color: #fff;\r\n  padding: 12px 24px;\r\n  border: none;\r\n  border-radius: 30px;\r\n  cursor: pointer;\r\n  font-size: 16px;\r\n  display: block;\r\n  margin: 30px auto;\r\n  transition: 0.3s;\r\n}\r\n\r\n.open-card:hover {\r\n  background: #092c45;\r\n}\r\n\r\n\/* MODAL *\/\r\n.modal-overlay {\r\n  position: fixed;\r\n  inset: 0;\r\n  background: rgba(0,0,0,0.65);\r\n  display: none;\r\n  align-items: center;\r\n  justify-content: center;\r\n  z-index: 9999;\r\n}\r\n\r\n.modal-card {\r\n  background: #fff;\r\n  width: 90%;\r\n  max-width: 720px;\r\n  max-height: 90vh;\r\n  border-radius: 18px;\r\n  overflow: hidden;\r\n  position: relative;\r\n  display: flex;\r\n  flex-direction: column;\r\n  animation: fadeIn 0.4s ease;\r\n}\r\n\r\n\/* HEADER OVALADO *\/\r\n.card-header {\r\n  background: linear-gradient(135deg, #0b3c5d, #328cc1);\r\n  color: #fff;\r\n  text-align: center;\r\n  padding: 40px 20px 60px;\r\n  border-bottom-left-radius: 50% 30%;\r\n  border-bottom-right-radius: 50% 30%;\r\n}\r\n\r\n.card-header img {\r\n  width: 120px;\r\n  height: 120px;\r\n  border-radius: 50%;\r\n  border: 4px solid #fff;\r\n  object-fit: cover;\r\n  margin-bottom: 12px;\r\n}\r\n\r\n.card-header h2 {\r\n  margin-bottom: 5px;\r\n}\r\n\r\n\/* CUERPO *\/\r\n.card-body {\r\n  padding: 30px;\r\n  font-size: 15px;\r\n  overflow-y: auto;\r\n  max-height: calc(90vh - 260px);\r\n}\r\n\r\n.card-body h3 {\r\n  color: #0b3c5d;\r\n  margin-top: 20px;\r\n}\r\n\r\n.card-body ul {\r\n  padding-left: 18px;\r\n}\r\n\r\n\/* FRASE *\/\r\n.card-body blockquote {\r\n  margin-top: 25px;\r\n  font-style: italic;\r\n  color: #555;\r\n  border-left: 4px solid #328cc1;\r\n  padding-left: 15px;\r\n}\r\n\r\n\/* MENSAJE FINAL *\/\r\n.mensaje-final {\r\n  margin-top: 35px;\r\n  padding-top: 20px;\r\n  text-align: center;\r\n  font-size: 14px;\r\n  color: #555;\r\n  border-top: 1px solid #e0e0e0;\r\n  font-style: italic;\r\n}\r\n\r\n\/* BOT\u00d3N CERRAR *\/\r\n.close-modal {\r\n  position: absolute;\r\n  top: 15px;\r\n  right: 20px;\r\n  font-size: 26px;\r\n  cursor: pointer;\r\n  color: #fff;\r\n}\r\n\r\n\/* ANIMACI\u00d3N *\/\r\n@keyframes fadeIn {\r\n  from { opacity: 0; transform: scale(0.95); }\r\n  to { opacity: 1; transform: scale(1); }\r\n}\r\n\r\n<\/style>\r\n\r\n<script>\r\nconst openBtn = document.querySelector('.open-card');\r\nconst modal = document.getElementById('modalCard');\r\nconst closeBtn = document.querySelector('.close-modal');\r\n\r\nopenBtn.onclick = () => modal.style.display = 'flex';\r\ncloseBtn.onclick = () => modal.style.display = 'none';\r\n\r\nwindow.onclick = (e) => {\r\n  if (e.target === modal) modal.style.display = 'none';\r\n};\r\n<\/script>\t\t\t\t<\/div>\n\t\t\t\t\t<\/div>\n\t\t\t\t<\/div>\n\t\t\t\t<\/div>\n\t\t","protected":false},"excerpt":{"rendered":"<p>\u00bfQuieres saber quien es Jos\u00e9 Ever Casta\u00f1eda? presiona el bot\u00f3n Azul Ver perfil ministerial &times; Jos\u00e9 Ever Casta\u00f1eda Preciado Casado con Oliva Barrios Calder\u00f3n \u00b7 Padre de 3 hijos \ud83d\udccc [&hellip;]<\/p>\n","protected":false},"author":1,"featured_media":0,"parent":0,"menu_order":0,"comment_status":"closed","ping_status":"closed","template":"","meta":{"site-sidebar-layout":"no-sidebar","site-content-layout":"","ast-site-content-layout":"full-width-container","site-content-style":"default","site-sidebar-style":"default","ast-global-header-display":"","ast-banner-title-visibility":"","ast-main-header-display":"","ast-hfb-above-header-display":"","ast-hfb-below-header-display":"","ast-hfb-mobile-header-display":"","site-post-title":"disabled","ast-breadcrumbs-content":"","ast-featured-img":"disabled","footer-sml-layout":"","ast-disable-related-posts":"","theme-transparent-header-meta":"","adv-header-id-meta":"","stick-header-meta":"","header-above-stick-meta":"","header-main-stick-meta":"","header-below-stick-meta":"","astra-migrate-meta-layouts":"default","ast-page-background-enabled":"default","ast-page-background-meta":{"desktop":{"background-color":"var(--ast-global-color-5)","background-image":"","background-repeat":"repeat","background-position":"center center","background-size":"auto","background-attachment":"scroll","background-type":"","background-media":"","overlay-type":"","overlay-color":"","overlay-opacity":"","overlay-gradient":""},"tablet":{"background-color":"","background-image":"","background-repeat":"repeat","background-position":"center center","background-size":"auto","background-attachment":"scroll","background-type":"","background-media":"","overlay-type":"","overlay-color":"","overlay-opacity":"","overlay-gradient":""},"mobile":{"background-color":"","background-image":"","background-repeat":"repeat","background-position":"center center","background-size":"auto","background-attachment":"scroll","background-type":"","background-media":"","overlay-type":"","overlay-color":"","overlay-opacity":"","overlay-gradient":""}},"ast-content-background-meta":{"desktop":{"background-color":"var(--ast-global-color-4)","background-image":"","background-repeat":"repeat","background-position":"center center","background-size":"auto","background-attachment":"scroll","background-type":"","background-media":"","overlay-type":"","overlay-color":"","overlay-opacity":"","overlay-gradient":""},"tablet":{"background-color":"var(--ast-global-color-4)","background-image":"","background-repeat":"repeat","background-position":"center center","background-size":"auto","background-attachment":"scroll","background-type":"","background-media":"","overlay-type":"","overlay-color":"","overlay-opacity":"","overlay-gradient":""},"mobile":{"background-color":"var(--ast-global-color-4)","background-image":"","background-repeat":"repeat","background-position":"center center","background-size":"auto","background-attachment":"scroll","background-type":"","background-media":"","overlay-type":"","overlay-color":"","overlay-opacity":"","overlay-gradient":""}},"footnotes":""},"class_list":["post-4279","page","type-page","status-publish","hentry"],"_links":{"self":[{"href":"https:\/\/www.iglesiaidges.org\/index.php\/wp-json\/wp\/v2\/pages\/4279","targetHints":{"allow":["GET"]}}],"collection":[{"href":"https:\/\/www.iglesiaidges.org\/index.php\/wp-json\/wp\/v2\/pages"}],"about":[{"href":"https:\/\/www.iglesiaidges.org\/index.php\/wp-json\/wp\/v2\/types\/page"}],"author":[{"embeddable":true,"href":"https:\/\/www.iglesiaidges.org\/index.php\/wp-json\/wp\/v2\/users\/1"}],"replies":[{"embeddable":true,"href":"https:\/\/www.iglesiaidges.org\/index.php\/wp-json\/wp\/v2\/comments?post=4279"}],"version-history":[{"count":10,"href":"https:\/\/www.iglesiaidges.org\/index.php\/wp-json\/wp\/v2\/pages\/4279\/revisions"}],"predecessor-version":[{"id":4289,"href":"https:\/\/www.iglesiaidges.org\/index.php\/wp-json\/wp\/v2\/pages\/4279\/revisions\/4289"}],"wp:attachment":[{"href":"https:\/\/www.iglesiaidges.org\/index.php\/wp-json\/wp\/v2\/media?parent=4279"}],"curies":[{"name":"wp","href":"https:\/\/api.w.org\/{rel}","templated":true}]}}