{"id":4342,"date":"2026-02-24T15:09:45","date_gmt":"2026-02-24T20:09:45","guid":{"rendered":"https:\/\/www.iglesiaidges.org\/?page_id=4342"},"modified":"2026-02-24T15:11:53","modified_gmt":"2026-02-24T20:11:53","slug":"dionicio-ruben-martinez-perez","status":"publish","type":"page","link":"https:\/\/www.iglesiaidges.org\/index.php\/dionicio-ruben-martinez-perez\/","title":{"rendered":"Dionicio Rub\u00e9n Mart\u00ednez P\u00e9rez"},"content":{"rendered":"\t\t<div data-elementor-type=\"wp-page\" data-elementor-id=\"4342\" class=\"elementor elementor-4342\" data-elementor-post-type=\"page\">\n\t\t\t\t<div class=\"elementor-element elementor-element-9f745e5 e-flex e-con-boxed e-con e-parent\" data-id=\"9f745e5\" data-element_type=\"container\">\n\t\t\t\t\t<div class=\"e-con-inner\">\n\t\t\t\t<div class=\"elementor-element elementor-element-5b34605 elementor-widget elementor-widget-heading\" data-id=\"5b34605\" data-element_type=\"widget\" data-widget_type=\"heading.default\">\n\t\t\t\t\t<h3 class=\"elementor-heading-title elementor-size-default\">\u00bfQuieres saber quien es Dionicio Rub\u00e9n Mart\u00ednez P\u00e9rez? presiona el  bot\u00f3n Azul <\/h3>\t\t\t\t<\/div>\n\t\t\t\t\t<\/div>\n\t\t\t\t<\/div>\n\t\t<div class=\"elementor-element elementor-element-ecb7d58 e-flex e-con-boxed e-con e-parent\" data-id=\"ecb7d58\" data-element_type=\"container\">\n\t\t\t\t\t<div class=\"e-con-inner\">\n\t\t\t\t<div class=\"elementor-element elementor-element-148e307 elementor-widget elementor-widget-html\" data-id=\"148e307\" data-element_type=\"widget\" data-widget_type=\"html.default\">\n\t\t\t\t\t<!-- BOT\u00d3N CENTRADO -->\r\n<button class=\"open-card-dionicio\">Ver perfil ministerial<\/button>\r\n\r\n<!-- MODAL -->\r\n<div class=\"modal-overlay-dionicio\" id=\"modalDionicio\">\r\n  <div class=\"modal-card-dionicio\">\r\n    <span class=\"close-modal-dionicio\">&times;<\/span>\r\n\r\n    <!-- HEADER -->\r\n    <div class=\"card-header-dionicio\">\r\n      <img decoding=\"async\" src=\"https:\/\/www.iglesiaidges.org\/wp-content\/uploads\/2025\/12\/Dionicio-Martinez-PASTOR-ODENADO-MALAMBO-ATLANTICO.jpg\">\r\n      <h2>Dionicio Rub\u00e9n Mart\u00ednez P\u00e9rez<\/h2>\r\n      <p>Viudo \u00b7 Padre de 4 hijos<\/p>\r\n    <\/div>\r\n\r\n    <!-- CONTENIDO -->\r\n    <div class=\"card-body-dionicio\">\r\n\r\n      <h3>\ud83d\udccc Informaci\u00f3n Personal<\/h3>\r\n      <ul>\r\n        <li><strong>Fecha de nacimiento:<\/strong> 31 de julio de 1968<\/li>\r\n        <li><strong>Estado civil:<\/strong> Viudo<\/li>\r\n        <li><strong>Hijos:<\/strong> 4<\/li>\r\n      <\/ul>\r\n\r\n      <h3>\ud83c\udf93 Formaci\u00f3n Teol\u00f3gica y Ministerial<\/h3>\r\n      <ul>\r\n        <li>T\u00e9cnico en Teolog\u00eda<\/li>\r\n        <li>Maestro en Teolog\u00eda Avanzada<\/li>\r\n      <\/ul>\r\n\r\n      <h3>\ud83d\udcda Estudios Seculares<\/h3>\r\n      <ul>\r\n        <li>Bachiller Acad\u00e9mico<\/li>\r\n      <\/ul>\r\n\r\n      <h3>\ud83d\udcdc Diplomados y Formaci\u00f3n Complementaria<\/h3>\r\n      <ul>\r\n        <li>Atenci\u00f3n Integral en Salud de las V\u00edctimas de Violencia Sexual<\/li>\r\n        <li>Consejer\u00eda<\/li>\r\n        <li>Capellan\u00eda<\/li>\r\n        <li>Unidad de Pensamiento y Ciudad Modelo<\/li>\r\n        <li>Especializaci\u00f3n en Formaci\u00f3n de Identidad y Prop\u00f3sito<\/li>\r\n        <li>Fortalecimiento Pedag\u00f3gico Comunitario en la Primera Infancia<\/li>\r\n      <\/ul>\r\n\r\n      <h3>\ud83d\udcbc Vida Laboral Secular<\/h3>\r\n      <p>\r\n        Trabaj\u00f3 desde el a\u00f1o 1990 hasta el 2008 en la empresa Molduras Nicoll,\r\n        desempe\u00f1\u00e1ndose como maquinista.\r\n      <\/p>\r\n\r\n      <h3>\ud83d\ude4f Vida y Servicio Espiritual<\/h3>\r\n      <p>\r\n        Desde el a\u00f1o 2008 hasta la actualidad se ha desempe\u00f1ado como pastor.\r\n      <\/p>\r\n      <p>\r\n        Su primera obra fue en Sahag\u00fan, C\u00f3rdoba, donde sirvi\u00f3 durante 8 a\u00f1os y 9 meses.\r\n        En el a\u00f1o 2017 continu\u00f3 en la obra de San Marcos, Sucre, durante 9 meses.\r\n      <\/p>\r\n      <p>\r\n        En el a\u00f1o 2018 fue trasladado a Malambo, donde sirve hasta el d\u00eda de hoy.\r\n      <\/p>\r\n\r\n      <blockquote>\r\n        \u201cMi vida est\u00e1 dedicada al servicio fiel en la obra del Se\u00f1or.\u201d\r\n      <\/blockquote>\r\n\r\n      <div class=\"mensaje-final-dionicio\">\r\n        \ud83e\udd1d Gracias por ver este perfil ministerial\r\n      <\/div>\r\n\r\n    <\/div>\r\n  <\/div>\r\n<\/div>\r\n\r\n<style>\r\n\r\n\/* BOT\u00d3N AZUL *\/\r\n.open-card-dionicio {\r\n  background-color: #0b3c5d !important;\r\n  color: #ffffff !important;\r\n  padding: 12px 24px;\r\n  border: none !important;\r\n  border-radius: 30px;\r\n  cursor: pointer;\r\n  font-size: 16px;\r\n  display: block;\r\n  margin: 30px auto;\r\n  transition: 0.3s;\r\n}\r\n\r\n.open-card-dionicio:hover {\r\n  background-color: #092c45 !important;\r\n}\r\n\r\n\/* MODAL *\/\r\n.modal-overlay-dionicio {\r\n  position: fixed;\r\n  inset: 0;\r\n  background: rgba(0,0,0,0.65);\r\n  display: none;\r\n  align-items: center;\r\n  justify-content: center;\r\n  z-index: 9999;\r\n}\r\n\r\n.modal-card-dionicio {\r\n  background: #fff;\r\n  width: 90%;\r\n  max-width: 720px;\r\n  max-height: 90vh;\r\n  border-radius: 18px;\r\n  overflow: hidden;\r\n  position: relative;\r\n  display: flex;\r\n  flex-direction: column;\r\n  animation: fadeInDionicio 0.4s ease;\r\n}\r\n\r\n\/* HEADER AZUL *\/\r\n.card-header-dionicio {\r\n  background: linear-gradient(135deg, #0b3c5d, #328cc1);\r\n  color: #fff;\r\n  text-align: center;\r\n  padding: 40px 20px 60px;\r\n  border-bottom-left-radius: 50% 30%;\r\n  border-bottom-right-radius: 50% 30%;\r\n}\r\n\r\n.card-header-dionicio img {\r\n  width: 120px;\r\n  height: 120px;\r\n  border-radius: 50%;\r\n  border: 4px solid #fff;\r\n  object-fit: cover;\r\n  margin-bottom: 12px;\r\n}\r\n\r\n\/* CUERPO *\/\r\n.card-body-dionicio {\r\n  padding: 30px;\r\n  font-size: 15px;\r\n  overflow-y: auto;\r\n  max-height: calc(90vh - 260px);\r\n}\r\n\r\n.card-body-dionicio h3 {\r\n  color: #0b3c5d;\r\n  margin-top: 20px;\r\n}\r\n\r\n.card-body-dionicio ul {\r\n  padding-left: 18px;\r\n}\r\n\r\n\/* FRASE *\/\r\n.card-body-dionicio blockquote {\r\n  margin-top: 25px;\r\n  font-style: italic;\r\n  color: #555;\r\n  border-left: 4px solid #328cc1;\r\n  padding-left: 15px;\r\n}\r\n\r\n\/* MENSAJE FINAL *\/\r\n.mensaje-final-dionicio {\r\n  margin-top: 35px;\r\n  padding-top: 20px;\r\n  text-align: center;\r\n  font-size: 14px;\r\n  color: #555;\r\n  border-top: 1px solid #e0e0e0;\r\n  font-style: italic;\r\n}\r\n\r\n\/* CERRAR *\/\r\n.close-modal-dionicio {\r\n  position: absolute;\r\n  top: 15px;\r\n  right: 20px;\r\n  font-size: 26px;\r\n  cursor: pointer;\r\n  color: #fff;\r\n}\r\n\r\n\/* ANIMACI\u00d3N *\/\r\n@keyframes fadeInDionicio {\r\n  from { opacity: 0; transform: scale(0.95); }\r\n  to { opacity: 1; transform: scale(1); }\r\n}\r\n\r\n<\/style>\r\n\r\n<script>\r\nconst openBtnDionicio = document.querySelector('.open-card-dionicio');\r\nconst modalDionicio = document.getElementById('modalDionicio');\r\nconst closeBtnDionicio = document.querySelector('.close-modal-dionicio');\r\n\r\nopenBtnDionicio.onclick = () => modalDionicio.style.display = 'flex';\r\ncloseBtnDionicio.onclick = () => modalDionicio.style.display = 'none';\r\n\r\nwindow.onclick = (e) => {\r\n  if (e.target === modalDionicio) modalDionicio.style.display = 'none';\r\n};\r\n<\/script>\t\t\t\t<\/div>\n\t\t\t\t\t<\/div>\n\t\t\t\t<\/div>\n\t\t\t\t<\/div>\n\t\t","protected":false},"excerpt":{"rendered":"<p>\u00bfQuieres saber quien es Dionicio Rub\u00e9n Mart\u00ednez P\u00e9rez? presiona el bot\u00f3n Azul Ver perfil ministerial &times; Dionicio Rub\u00e9n Mart\u00ednez P\u00e9rez Viudo \u00b7 Padre de 4 hijos \ud83d\udccc Informaci\u00f3n Personal Fecha [&hellip;]<\/p>\n","protected":false},"author":1,"featured_media":0,"parent":0,"menu_order":0,"comment_status":"closed","ping_status":"closed","template":"","meta":{"site-sidebar-layout":"no-sidebar","site-content-layout":"","ast-site-content-layout":"full-width-container","site-content-style":"default","site-sidebar-style":"default","ast-global-header-display":"","ast-banner-title-visibility":"","ast-main-header-display":"","ast-hfb-above-header-display":"","ast-hfb-below-header-display":"","ast-hfb-mobile-header-display":"","site-post-title":"disabled","ast-breadcrumbs-content":"","ast-featured-img":"disabled","footer-sml-layout":"","ast-disable-related-posts":"","theme-transparent-header-meta":"","adv-header-id-meta":"","stick-header-meta":"","header-above-stick-meta":"","header-main-stick-meta":"","header-below-stick-meta":"","astra-migrate-meta-layouts":"default","ast-page-background-enabled":"default","ast-page-background-meta":{"desktop":{"background-color":"var(--ast-global-color-5)","background-image":"","background-repeat":"repeat","background-position":"center center","background-size":"auto","background-attachment":"scroll","background-type":"","background-media":"","overlay-type":"","overlay-color":"","overlay-opacity":"","overlay-gradient":""},"tablet":{"background-color":"","background-image":"","background-repeat":"repeat","background-position":"center center","background-size":"auto","background-attachment":"scroll","background-type":"","background-media":"","overlay-type":"","overlay-color":"","overlay-opacity":"","overlay-gradient":""},"mobile":{"background-color":"","background-image":"","background-repeat":"repeat","background-position":"center center","background-size":"auto","background-attachment":"scroll","background-type":"","background-media":"","overlay-type":"","overlay-color":"","overlay-opacity":"","overlay-gradient":""}},"ast-content-background-meta":{"desktop":{"background-color":"var(--ast-global-color-4)","background-image":"","background-repeat":"repeat","background-position":"center center","background-size":"auto","background-attachment":"scroll","background-type":"","background-media":"","overlay-type":"","overlay-color":"","overlay-opacity":"","overlay-gradient":""},"tablet":{"background-color":"var(--ast-global-color-4)","background-image":"","background-repeat":"repeat","background-position":"center center","background-size":"auto","background-attachment":"scroll","background-type":"","background-media":"","overlay-type":"","overlay-color":"","overlay-opacity":"","overlay-gradient":""},"mobile":{"background-color":"var(--ast-global-color-4)","background-image":"","background-repeat":"repeat","background-position":"center center","background-size":"auto","background-attachment":"scroll","background-type":"","background-media":"","overlay-type":"","overlay-color":"","overlay-opacity":"","overlay-gradient":""}},"footnotes":""},"class_list":["post-4342","page","type-page","status-publish","hentry"],"_links":{"self":[{"href":"https:\/\/www.iglesiaidges.org\/index.php\/wp-json\/wp\/v2\/pages\/4342","targetHints":{"allow":["GET"]}}],"collection":[{"href":"https:\/\/www.iglesiaidges.org\/index.php\/wp-json\/wp\/v2\/pages"}],"about":[{"href":"https:\/\/www.iglesiaidges.org\/index.php\/wp-json\/wp\/v2\/types\/page"}],"author":[{"embeddable":true,"href":"https:\/\/www.iglesiaidges.org\/index.php\/wp-json\/wp\/v2\/users\/1"}],"replies":[{"embeddable":true,"href":"https:\/\/www.iglesiaidges.org\/index.php\/wp-json\/wp\/v2\/comments?post=4342"}],"version-history":[{"count":7,"href":"https:\/\/www.iglesiaidges.org\/index.php\/wp-json\/wp\/v2\/pages\/4342\/revisions"}],"predecessor-version":[{"id":4349,"href":"https:\/\/www.iglesiaidges.org\/index.php\/wp-json\/wp\/v2\/pages\/4342\/revisions\/4349"}],"wp:attachment":[{"href":"https:\/\/www.iglesiaidges.org\/index.php\/wp-json\/wp\/v2\/media?parent=4342"}],"curies":[{"name":"wp","href":"https:\/\/api.w.org\/{rel}","templated":true}]}}