{"id":5023,"date":"2026-02-27T11:43:20","date_gmt":"2026-02-27T16:43:20","guid":{"rendered":"https:\/\/www.iglesiaidges.org\/?page_id=5023"},"modified":"2026-02-27T12:05:35","modified_gmt":"2026-02-27T17:05:35","slug":"caracter-confesional","status":"publish","type":"page","link":"https:\/\/www.iglesiaidges.org\/index.php\/caracter-confesional\/","title":{"rendered":"Car\u00e1cter confesional"},"content":{"rendered":"\t\t<div data-elementor-type=\"wp-page\" data-elementor-id=\"5023\" class=\"elementor elementor-5023\" data-elementor-post-type=\"page\">\n\t\t\t\t<div class=\"elementor-element elementor-element-5790ba2 e-flex e-con-boxed e-con e-parent\" data-id=\"5790ba2\" data-element_type=\"container\">\n\t\t\t\t\t<div class=\"e-con-inner\">\n\t\t\t\t<div class=\"elementor-element elementor-element-177a393 elementor-widget elementor-widget-heading\" data-id=\"177a393\" data-element_type=\"widget\" data-widget_type=\"heading.default\">\n\t\t\t\t\t<h3 class=\"elementor-heading-title elementor-size-default\">Car\u00e1cter confesional IDGES<\/h3>\t\t\t\t<\/div>\n\t\t\t\t\t<\/div>\n\t\t\t\t<\/div>\n\t\t<div class=\"elementor-element elementor-element-e87e9b5 e-flex e-con-boxed e-con e-parent\" data-id=\"e87e9b5\" data-element_type=\"container\">\n\t\t\t\t\t<div class=\"e-con-inner\">\n\t\t<div class=\"elementor-element elementor-element-c6d06f0 e-con-full e-flex e-con e-child\" data-id=\"c6d06f0\" data-element_type=\"container\">\n\t\t\t\t<div class=\"elementor-element elementor-element-f108503 elementor-widget elementor-widget-image\" data-id=\"f108503\" data-element_type=\"widget\" data-widget_type=\"image.default\">\n\t\t\t\t\t\t\t\t\t\t\t\t\t\t\t<img fetchpriority=\"high\" decoding=\"async\" width=\"1024\" height=\"474\" src=\"https:\/\/www.iglesiaidges.org\/wp-content\/uploads\/2026\/02\/03-1024x474.jpg\" class=\"attachment-large size-large wp-image-5028\" alt=\"\" srcset=\"https:\/\/www.iglesiaidges.org\/wp-content\/uploads\/2026\/02\/03-1024x474.jpg 1024w, https:\/\/www.iglesiaidges.org\/wp-content\/uploads\/2026\/02\/03-300x139.jpg 300w, https:\/\/www.iglesiaidges.org\/wp-content\/uploads\/2026\/02\/03-768x355.jpg 768w, https:\/\/www.iglesiaidges.org\/wp-content\/uploads\/2026\/02\/03.jpg 1280w\" sizes=\"(max-width: 1024px) 100vw, 1024px\" \/>\t\t\t\t\t\t\t\t\t\t\t\t\t\t\t<\/div>\n\t\t\t\t<\/div>\n\t\t<div class=\"elementor-element elementor-element-3cbf222 e-con-full e-flex e-con e-child\" data-id=\"3cbf222\" data-element_type=\"container\">\n\t\t\t\t<div class=\"elementor-element elementor-element-3690115 elementor-widget elementor-widget-text-editor\" data-id=\"3690115\" data-element_type=\"widget\" data-widget_type=\"text-editor.default\">\n\t\t\t\t\t\t\t\t\t<p>Somos una iglesia cristiana y creemos en la siguiente doctrina fundamental:<\/p><ol><li>La Biblia es la Revelaci\u00f3n de la voluntad de Dios a todos los seres humanos.<br \/>Creemos que su estudio sistem\u00e1tico, bajo la iluminaci\u00f3n del Esp\u00edritu Santo, nos permitir\u00e1 <br \/>conocer a plenitud los designios de Dios a los hombres.<\/li><\/ol>\t\t\t\t\t\t\t\t<\/div>\n\t\t\t\t<\/div>\n\t\t\t\t\t<\/div>\n\t\t\t\t<\/div>\n\t\t<div class=\"elementor-element elementor-element-b3d36f6 e-flex e-con-boxed e-con e-parent\" data-id=\"b3d36f6\" data-element_type=\"container\">\n\t\t\t\t\t<div class=\"e-con-inner\">\n\t\t\t\t<div class=\"elementor-element elementor-element-103cc3b elementor-widget elementor-widget-text-editor\" data-id=\"103cc3b\" data-element_type=\"widget\" data-widget_type=\"text-editor.default\">\n\t\t\t\t\t\t\t\t\t<ol start=\"2\"><li>Creemos en un solo Dios Trinitario verdadero:<br \/>a. En el Se\u00f1or Padre Jehov\u00e1, por qui\u00e9n todas las cosas en el universo fueron creadas <br \/>y que, por su gran amor y misericordia a todos los seres humanos, nos entreg\u00f3 a su hijo <br \/>\u00fanico Jesucristo para el perd\u00f3n de nuestros pecados.<br \/>b. En Jesucristo, \u00fanico salvador y mediador entre Dios y los hombres, qui\u00e9n nos <br \/>ense\u00f1\u00f3 en los Evangelios el camino perfecto para llegar al Padre, pas\u00e1ndonos de la <br \/>muerte a la vida eterna; est\u00e1 sentado en el Reino de Dios a la diestra de Dios Padre y <br \/>que vendr\u00e1 por segunda vez a juzgar a vivos y muertos.<br \/>c. En el Esp\u00edritu Santo, como \u00fanico consolador y quien nos ilumina para entender <br \/>correctamente la palabra de Dios dada en las sagradas escrituras.<br \/><br \/><\/li><li>Que los seres humanos somos seres vulnerables al pecado y por su naturaleza<br \/>Dios es el \u00fanico Ser invulnerable a \u00e9l.<br \/><br \/><\/li><li>Que la \u00fanica forma de tener ingreso al Reino de Dios es mediante la conversi\u00f3n, <br \/>de seres vulnerables al pecado, en seres invulnerables al pecado, transformaci\u00f3n que se <br \/>debe realizar aqu\u00ed en la tierra.<br \/><br \/><\/li><li>Para lograr esta transformaci\u00f3n, se requiere la interiorizaci\u00f3n y la pr\u00e1ctica <br \/>constante y continua de los dos grandes mandamientos dados en los Evangelios por nuestro <br \/>Se\u00f1or Jesucristo:<br \/>a. El primero es el enunciado en San Mateo 22-37: Jes\u00fas le dijo: \u201cAmar\u00e1s al Se\u00f1or <br \/>tu Dios con todo tu coraz\u00f3n, y con toda tu alma y con toda tu mente\u201d, lo que significa <br \/>que todos los actos en nuestra vida y en cada segundo de nuestra existencia debe ser <br \/>una comuni\u00f3n \u00fanica y exclusiva con Dios, amando lo que \u00c9l ama y odiando lo que \u00c9l odia.<br \/>b. El segundo es el enunciado en San Mateo 22-39: \u201cY el segundo es semejante: <br \/>IGLESIA DE DIOS<br \/>GUIADA POR EL ESPIRITU SANTO<br \/>P.J.E. 1122 del 1 de Junio de 1.998<br \/>Avenida Los Maracos Cl 15 No. 13 \u2013 26 Villavicencio \u2013 Meta<br \/>E-mail: idges@iglesiaidges.org www.iglesiaidges.org<br \/>amar\u00e1s a tu pr\u00f3jimo como a ti mismo\u201d. Nadie puede decir que ama a Dios odiando a <br \/>su hermano.<br \/><br \/><\/li><li>Creemos que, una vez lograda la condici\u00f3n de ser invulnerable al pecado, en una <br \/>comuni\u00f3n con Dios, tendremos, una vez partamos de este mundo material, la visa para <br \/>ingresar al Reino de Dios y gozar de toda su gloria, pasando de la muerte a la vida.<br \/><br \/><\/li><li>Adicionalmente gozar de todos los beneficios del Reino de Dios aqu\u00ed en la tierra,<br \/>antes de partir de este mundo, obteniendo el socorro y la ayuda de Nuestro Se\u00f1or a las <br \/>necesidades cotidianas como la salud, prosperidad y dones del Esp\u00edritu Santo.<br \/><br \/><\/li><li>Creemos y afirmamos que Dios ha confiado a toda la Iglesia de Dios Guiada Por <br \/>El Esp\u00edritu Santo la tarea de dar a conocer a Cristo por el mundo, para la conversi\u00f3n, de la <br \/>muerte a la vida, de cada uno de su feligres\u00eda.<br \/>Los objetivos de la Iglesia de Dios guiada por el Esp\u00edritu Santo son los siguientes:<br \/>\u00a01. Proclamar y ense\u00f1ar el evangelio de Nuestro Se\u00f1or Jesucristo, haciendo disc\u00edpulos <br \/>en cumplimiento de las funciones de la Iglesia Cristiana, descritos en la Palabra de Dios.<br \/>2. Predicar y ense\u00f1ar la Palabra de Dios, la adoraci\u00f3n y el culto a Dios, la <br \/>Confraternidad entre creyentes y la administraci\u00f3n de las ordenanzas del Santo Bautismo, la <br \/>Cena del Se\u00f1or y otras ceremonias tales como el matrimonio, la presentaci\u00f3n de ni\u00f1os y las <br \/>exequias.<br \/>3. Promover la influencia directa e indirecta de la Palabra de Dios en todas las \u00e1reas <br \/>de la vida nacional de Colombia, e internacional por cualquier medio, pero guardando las <br \/>disposiciones de las Leyes.<br \/>4. Promover el ministerio de obra social como una forma de atender las necesidades<br \/>de los que sufren, sin perder de vista el objetivo principal de nuestra misi\u00f3n que es el de <br \/>presentar el evangelio de Jesucristo a toda criatura.<br \/>5. Influenciar, directa e indirecta en todas las \u00e1reas de la persona, la familia y la<br \/>sociedad, a la luz de los principios de la Palabra de Dios.<br \/>6. Formar l\u00edderes cristianos para que proclamen la Palabra de Dios con un <br \/>conocimiento profundo de la Santa Biblia; adicionalmente deben ser personas que den <br \/>ejemplo de santidad y amor a Dios y al Pr\u00f3jimo.<br \/>La Iglesia puede ser llamada el cuerpo de Cristo por los siguientes hechos:<br \/>1. Estamos unidos a Cristo en la salvaci\u00f3n (Efesios 4:15-16).<br \/>2. Seguimos a Cristo, el cual es la cabeza de todos (Efesios 1:22-23).<br \/>3. Somos la representaci\u00f3n f\u00edsica de Cristo en este mundo. La Iglesia es el organismo <br \/>por el cual Cristo manifiesta su vida al mundo de hoy.<br \/>IGLESIA DE DIOS<br \/>GUIADA POR EL ESPIRITU SANTO<br \/>P.J.E. 1122 del 1 de Junio de 1.998<br \/>Avenida Los Maracos Cl 15 No. 13 \u2013 26 Villavicencio \u2013 Meta<br \/>E-mail: idges@iglesiaidges.org www.iglesiaidges.org<br \/>4. El Esp\u00edritu Santo de Cristo habita en los miembros del cuerpo de Cristo (Romanos <br \/>8:9).<br \/>5. Los miembros del cuerpo de Cristo poseen una diversidad de dones apropiados <br \/>para determinadas funciones (1 Corintios 12:4-31). \u201cEl cuerpo es una unidad, aunque est\u00e1 <br \/>compuesto de muchos miembros; y aunque son muchos, son un solo cuerpo. As\u00ed tambi\u00e9n <br \/>Cristo\u201d (vers\u00edculo 12).<br \/>6. La Iglesia comparte un lazo en com\u00fan con todos los dem\u00e1s cristianos, <br \/>independientemente de su origen, raza, o ministerio. \u201cPara que no haya desavenencia en el <br \/>cuerpo, sino que los miembros todos se preocupen los unos por los otros\u201d (1 Corintios 12:25).<br \/>7. Los miembros del cuerpo de Cristo est\u00e1n seguros en su salvaci\u00f3n (Juan 10:28-30)<br \/><br \/><\/li><li>Los miembros del cuerpo de Cristo participan de la muerte y la resurrecci\u00f3n de <br \/>Cristo (Colosenses 2:12).<br \/><br \/><\/li><li>Los miembros del cuerpo de Cristo comparten la herencia de Cristo (Romanos <br \/>8:17).<br \/><br \/><\/li><li>Los miembros del cuerpo de Cristo reciben el don de la justicia de Cristo (Romanos<\/li><\/ol>\t\t\t\t\t\t\t\t<\/div>\n\t\t\t\t\t<\/div>\n\t\t\t\t<\/div>\n\t\t\t\t<\/div>\n\t\t","protected":false},"excerpt":{"rendered":"<p>Car\u00e1cter confesional IDGES Somos una iglesia cristiana y creemos en la siguiente doctrina fundamental: La Biblia es la Revelaci\u00f3n de la voluntad de Dios a todos los seres humanos.Creemos que [&hellip;]<\/p>\n","protected":false},"author":1,"featured_media":0,"parent":0,"menu_order":0,"comment_status":"closed","ping_status":"closed","template":"","meta":{"site-sidebar-layout":"no-sidebar","site-content-layout":"","ast-site-content-layout":"full-width-container","site-content-style":"default","site-sidebar-style":"default","ast-global-header-display":"","ast-banner-title-visibility":"","ast-main-header-display":"","ast-hfb-above-header-display":"","ast-hfb-below-header-display":"","ast-hfb-mobile-header-display":"","site-post-title":"disabled","ast-breadcrumbs-content":"","ast-featured-img":"disabled","footer-sml-layout":"","ast-disable-related-posts":"","theme-transparent-header-meta":"","adv-header-id-meta":"","stick-header-meta":"","header-above-stick-meta":"","header-main-stick-meta":"","header-below-stick-meta":"","astra-migrate-meta-layouts":"default","ast-page-background-enabled":"default","ast-page-background-meta":{"desktop":{"background-color":"var(--ast-global-color-5)","background-image":"","background-repeat":"repeat","background-position":"center center","background-size":"auto","background-attachment":"scroll","background-type":"","background-media":"","overlay-type":"","overlay-color":"","overlay-opacity":"","overlay-gradient":""},"tablet":{"background-color":"","background-image":"","background-repeat":"repeat","background-position":"center center","background-size":"auto","background-attachment":"scroll","background-type":"","background-media":"","overlay-type":"","overlay-color":"","overlay-opacity":"","overlay-gradient":""},"mobile":{"background-color":"","background-image":"","background-repeat":"repeat","background-position":"center center","background-size":"auto","background-attachment":"scroll","background-type":"","background-media":"","overlay-type":"","overlay-color":"","overlay-opacity":"","overlay-gradient":""}},"ast-content-background-meta":{"desktop":{"background-color":"var(--ast-global-color-4)","background-image":"","background-repeat":"repeat","background-position":"center center","background-size":"auto","background-attachment":"scroll","background-type":"","background-media":"","overlay-type":"","overlay-color":"","overlay-opacity":"","overlay-gradient":""},"tablet":{"background-color":"var(--ast-global-color-4)","background-image":"","background-repeat":"repeat","background-position":"center center","background-size":"auto","background-attachment":"scroll","background-type":"","background-media":"","overlay-type":"","overlay-color":"","overlay-opacity":"","overlay-gradient":""},"mobile":{"background-color":"var(--ast-global-color-4)","background-image":"","background-repeat":"repeat","background-position":"center center","background-size":"auto","background-attachment":"scroll","background-type":"","background-media":"","overlay-type":"","overlay-color":"","overlay-opacity":"","overlay-gradient":""}},"footnotes":""},"class_list":["post-5023","page","type-page","status-publish","hentry"],"_links":{"self":[{"href":"https:\/\/www.iglesiaidges.org\/index.php\/wp-json\/wp\/v2\/pages\/5023","targetHints":{"allow":["GET"]}}],"collection":[{"href":"https:\/\/www.iglesiaidges.org\/index.php\/wp-json\/wp\/v2\/pages"}],"about":[{"href":"https:\/\/www.iglesiaidges.org\/index.php\/wp-json\/wp\/v2\/types\/page"}],"author":[{"embeddable":true,"href":"https:\/\/www.iglesiaidges.org\/index.php\/wp-json\/wp\/v2\/users\/1"}],"replies":[{"embeddable":true,"href":"https:\/\/www.iglesiaidges.org\/index.php\/wp-json\/wp\/v2\/comments?post=5023"}],"version-history":[{"count":34,"href":"https:\/\/www.iglesiaidges.org\/index.php\/wp-json\/wp\/v2\/pages\/5023\/revisions"}],"predecessor-version":[{"id":5059,"href":"https:\/\/www.iglesiaidges.org\/index.php\/wp-json\/wp\/v2\/pages\/5023\/revisions\/5059"}],"wp:attachment":[{"href":"https:\/\/www.iglesiaidges.org\/index.php\/wp-json\/wp\/v2\/media?parent=5023"}],"curies":[{"name":"wp","href":"https:\/\/api.w.org\/{rel}","templated":true}]}}