{"id":5117,"date":"2026-02-27T14:47:44","date_gmt":"2026-02-27T19:47:44","guid":{"rendered":"https:\/\/www.iglesiaidges.org\/?page_id=5117"},"modified":"2026-02-27T20:33:51","modified_gmt":"2026-02-28T01:33:51","slug":"ministerio-social","status":"publish","type":"page","link":"https:\/\/www.iglesiaidges.org\/index.php\/ministerio-social\/","title":{"rendered":"Ministerio Social"},"content":{"rendered":"\t\t<div data-elementor-type=\"wp-page\" data-elementor-id=\"5117\" class=\"elementor elementor-5117\" data-elementor-post-type=\"page\">\n\t\t\t\t<div class=\"elementor-element elementor-element-b4fbdea e-flex e-con-boxed e-con e-parent\" data-id=\"b4fbdea\" data-element_type=\"container\">\n\t\t\t\t\t<div class=\"e-con-inner\">\n\t\t\t\t<div class=\"elementor-element elementor-element-a54be49 elementor-widget elementor-widget-heading\" data-id=\"a54be49\" data-element_type=\"widget\" data-widget_type=\"heading.default\">\n\t\t\t\t\t<h2 class=\"elementor-heading-title elementor-size-default\">Ministerio Social<\/h2>\t\t\t\t<\/div>\n\t\t\t\t\t<\/div>\n\t\t\t\t<\/div>\n\t\t<div class=\"elementor-element elementor-element-683c2b5 e-flex e-con-boxed e-con e-parent\" data-id=\"683c2b5\" data-element_type=\"container\">\n\t\t\t\t\t<div class=\"e-con-inner\">\n\t\t<div class=\"elementor-element elementor-element-b12960e e-con-full e-flex e-con e-child\" data-id=\"b12960e\" data-element_type=\"container\">\n\t\t\t\t<div class=\"elementor-element elementor-element-fb086b4 elementor-widget elementor-widget-image\" data-id=\"fb086b4\" data-element_type=\"widget\" data-widget_type=\"image.default\">\n\t\t\t\t\t\t\t\t\t\t\t\t\t\t\t<img fetchpriority=\"high\" decoding=\"async\" width=\"1024\" height=\"683\" src=\"https:\/\/www.iglesiaidges.org\/wp-content\/uploads\/2026\/02\/Ayuda-social-1024x683.jpg\" class=\"attachment-large size-large wp-image-5119\" alt=\"\" srcset=\"https:\/\/www.iglesiaidges.org\/wp-content\/uploads\/2026\/02\/Ayuda-social-1024x683.jpg 1024w, https:\/\/www.iglesiaidges.org\/wp-content\/uploads\/2026\/02\/Ayuda-social-300x200.jpg 300w, https:\/\/www.iglesiaidges.org\/wp-content\/uploads\/2026\/02\/Ayuda-social-768x512.jpg 768w, https:\/\/www.iglesiaidges.org\/wp-content\/uploads\/2026\/02\/Ayuda-social-1536x1024.jpg 1536w, https:\/\/www.iglesiaidges.org\/wp-content\/uploads\/2026\/02\/Ayuda-social-2048x1365.jpg 2048w\" sizes=\"(max-width: 1024px) 100vw, 1024px\" \/>\t\t\t\t\t\t\t\t\t\t\t\t\t\t\t<\/div>\n\t\t\t\t<\/div>\n\t\t<div class=\"elementor-element elementor-element-d16ddcf e-con-full e-flex e-con e-child\" data-id=\"d16ddcf\" data-element_type=\"container\">\n\t\t\t\t<div class=\"elementor-element elementor-element-6060d3e elementor-widget elementor-widget-text-editor\" data-id=\"6060d3e\" data-element_type=\"widget\" data-widget_type=\"text-editor.default\">\n\t\t\t\t\t\t\t\t\t<p>MINISTERIO SOCIAL: Es el encargado de coordinar los asuntos de compasi\u00f3n y servicio a las personas necesitadas (por viudez, calamidad dom\u00e9stica, pobreza, invalidez, cat\u00e1strofes, enfermedad, ancianidad, desamparo, soledad, etc.), primeramente, a los miembros de la Iglesia, y luego a miembros de la comunidad en general. Sus relaciones tienen que ver con grupos afines con este ministerio como Compasi\u00f3n, Visi\u00f3n Mundial y otros que llegaren a existir para proyectos de ayuda Social. El trabajo se debe proyectar a nivel local, regional, nacional e Internacional.<\/p><p>Soporte B\u00edblico:\u00a0<\/p>\t\t\t\t\t\t\t\t<\/div>\n\t\t\t\t<\/div>\n\t\t\t\t\t<\/div>\n\t\t\t\t<\/div>\n\t\t<div class=\"elementor-element elementor-element-4458bb3 e-flex e-con-boxed e-con e-parent\" data-id=\"4458bb3\" data-element_type=\"container\">\n\t\t\t\t\t<div class=\"e-con-inner\">\n\t\t\t\t<div class=\"elementor-element elementor-element-829f6b4 elementor-widget elementor-widget-text-editor\" data-id=\"829f6b4\" data-element_type=\"widget\" data-widget_type=\"text-editor.default\">\n\t\t\t\t\t\t\t\t\t<ul><li><em>\u201cLa religi\u00f3n pura y sin m\u00e1cula delante de Dios el Padre es esta: Visitar a los hu\u00e9rfanos y a las viudas en sus tribulaciones\u2026\u201d <\/em><em>Santiago 1:27<br \/><br \/><\/em><\/li><li><em>\u201cPorque tuve hambre, y me disteis de comer; tuve sed, y me disteis de beber\u2026\u201d <\/em><em>Mateo 25:35-36<br \/><br \/><\/em><\/li><li><em>\u201cY no nos cansemos de hacer el bien\u2026 as\u00ed que, seg\u00fan tengamos oportunidad, hagamos bien a todos, y mayormente a los de la familia de la fe.\u201d <\/em><em>G\u00e1latas 6:9-10<br \/><br \/><\/em><\/li><li><em>\u201cReparte, da a los pobres; su justicia permanece para siempre.\u201d <\/em><em>Salmo 112:9<br \/><br \/><\/em><\/li><li><em>\u201cCompartiendo para las necesidades de los santos; practicando la hospitalidad.\u201d <\/em><em>Romanos 12:13<\/em><\/li><\/ul>\t\t\t\t\t\t\t\t<\/div>\n\t\t\t\t\t<\/div>\n\t\t\t\t<\/div>\n\t\t<div class=\"elementor-element elementor-element-67d78b5 e-flex e-con-boxed e-con e-parent\" data-id=\"67d78b5\" data-element_type=\"container\">\n\t\t\t\t\t<div class=\"e-con-inner\">\n\t\t\t\t<div class=\"elementor-element elementor-element-70cb537 elementor-align-center elementor-widget elementor-widget-button\" data-id=\"70cb537\" data-element_type=\"widget\" data-widget_type=\"button.default\">\n\t\t\t\t\t\t\t\t\t\t<a class=\"elementor-button elementor-button-link elementor-size-sm\" href=\"https:\/\/www.iglesiaidges.org\/index.php\/ofrendas-ministerios\/\">\n\t\t\t\t\t\t<span class=\"elementor-button-content-wrapper\">\n\t\t\t\t\t\t\t\t\t<span class=\"elementor-button-text\">VER MAS <\/span>\n\t\t\t\t\t<\/span>\n\t\t\t\t\t<\/a>\n\t\t\t\t\t\t\t\t<\/div>\n\t\t\t\t\t<\/div>\n\t\t\t\t<\/div>\n\t\t\t\t<\/div>\n\t\t","protected":false},"excerpt":{"rendered":"<p>Ministerio Social MINISTERIO SOCIAL: Es el encargado de coordinar los asuntos de compasi\u00f3n y servicio a las personas necesitadas (por viudez, calamidad dom\u00e9stica, pobreza, invalidez, cat\u00e1strofes, enfermedad, ancianidad, desamparo, soledad, [&hellip;]<\/p>\n","protected":false},"author":1,"featured_media":0,"parent":0,"menu_order":0,"comment_status":"closed","ping_status":"closed","template":"","meta":{"site-sidebar-layout":"no-sidebar","site-content-layout":"","ast-site-content-layout":"full-width-container","site-content-style":"default","site-sidebar-style":"default","ast-global-header-display":"","ast-banner-title-visibility":"","ast-main-header-display":"","ast-hfb-above-header-display":"","ast-hfb-below-header-display":"","ast-hfb-mobile-header-display":"","site-post-title":"disabled","ast-breadcrumbs-content":"","ast-featured-img":"disabled","footer-sml-layout":"","ast-disable-related-posts":"","theme-transparent-header-meta":"","adv-header-id-meta":"","stick-header-meta":"","header-above-stick-meta":"","header-main-stick-meta":"","header-below-stick-meta":"","astra-migrate-meta-layouts":"default","ast-page-background-enabled":"default","ast-page-background-meta":{"desktop":{"background-color":"var(--ast-global-color-5)","background-image":"","background-repeat":"repeat","background-position":"center center","background-size":"auto","background-attachment":"scroll","background-type":"","background-media":"","overlay-type":"","overlay-color":"","overlay-opacity":"","overlay-gradient":""},"tablet":{"background-color":"","background-image":"","background-repeat":"repeat","background-position":"center center","background-size":"auto","background-attachment":"scroll","background-type":"","background-media":"","overlay-type":"","overlay-color":"","overlay-opacity":"","overlay-gradient":""},"mobile":{"background-color":"","background-image":"","background-repeat":"repeat","background-position":"center center","background-size":"auto","background-attachment":"scroll","background-type":"","background-media":"","overlay-type":"","overlay-color":"","overlay-opacity":"","overlay-gradient":""}},"ast-content-background-meta":{"desktop":{"background-color":"var(--ast-global-color-4)","background-image":"","background-repeat":"repeat","background-position":"center center","background-size":"auto","background-attachment":"scroll","background-type":"","background-media":"","overlay-type":"","overlay-color":"","overlay-opacity":"","overlay-gradient":""},"tablet":{"background-color":"var(--ast-global-color-4)","background-image":"","background-repeat":"repeat","background-position":"center center","background-size":"auto","background-attachment":"scroll","background-type":"","background-media":"","overlay-type":"","overlay-color":"","overlay-opacity":"","overlay-gradient":""},"mobile":{"background-color":"var(--ast-global-color-4)","background-image":"","background-repeat":"repeat","background-position":"center center","background-size":"auto","background-attachment":"scroll","background-type":"","background-media":"","overlay-type":"","overlay-color":"","overlay-opacity":"","overlay-gradient":""}},"footnotes":""},"class_list":["post-5117","page","type-page","status-publish","hentry"],"_links":{"self":[{"href":"https:\/\/www.iglesiaidges.org\/index.php\/wp-json\/wp\/v2\/pages\/5117","targetHints":{"allow":["GET"]}}],"collection":[{"href":"https:\/\/www.iglesiaidges.org\/index.php\/wp-json\/wp\/v2\/pages"}],"about":[{"href":"https:\/\/www.iglesiaidges.org\/index.php\/wp-json\/wp\/v2\/types\/page"}],"author":[{"embeddable":true,"href":"https:\/\/www.iglesiaidges.org\/index.php\/wp-json\/wp\/v2\/users\/1"}],"replies":[{"embeddable":true,"href":"https:\/\/www.iglesiaidges.org\/index.php\/wp-json\/wp\/v2\/comments?post=5117"}],"version-history":[{"count":25,"href":"https:\/\/www.iglesiaidges.org\/index.php\/wp-json\/wp\/v2\/pages\/5117\/revisions"}],"predecessor-version":[{"id":5427,"href":"https:\/\/www.iglesiaidges.org\/index.php\/wp-json\/wp\/v2\/pages\/5117\/revisions\/5427"}],"wp:attachment":[{"href":"https:\/\/www.iglesiaidges.org\/index.php\/wp-json\/wp\/v2\/media?parent=5117"}],"curies":[{"name":"wp","href":"https:\/\/api.w.org\/{rel}","templated":true}]}}