{"id":5127,"date":"2026-02-27T14:57:28","date_gmt":"2026-02-27T19:57:28","guid":{"rendered":"https:\/\/www.iglesiaidges.org\/?page_id=5127"},"modified":"2026-02-27T20:27:39","modified_gmt":"2026-02-28T01:27:39","slug":"ministerio-de-misiones","status":"publish","type":"page","link":"https:\/\/www.iglesiaidges.org\/index.php\/ministerio-de-misiones\/","title":{"rendered":"Ministerio de Misiones"},"content":{"rendered":"\t\t<div data-elementor-type=\"wp-page\" data-elementor-id=\"5127\" class=\"elementor elementor-5127\" data-elementor-post-type=\"page\">\n\t\t\t\t<div class=\"elementor-element elementor-element-b4fbdea e-flex e-con-boxed e-con e-parent\" data-id=\"b4fbdea\" data-element_type=\"container\">\n\t\t\t\t\t<div class=\"e-con-inner\">\n\t\t\t\t<div class=\"elementor-element elementor-element-a54be49 elementor-widget elementor-widget-heading\" data-id=\"a54be49\" data-element_type=\"widget\" data-widget_type=\"heading.default\">\n\t\t\t\t\t<h2 class=\"elementor-heading-title elementor-size-default\">Ministerio de Misiones<\/h2>\t\t\t\t<\/div>\n\t\t\t\t\t<\/div>\n\t\t\t\t<\/div>\n\t\t<div class=\"elementor-element elementor-element-683c2b5 e-flex e-con-boxed e-con e-parent\" data-id=\"683c2b5\" data-element_type=\"container\">\n\t\t\t\t\t<div class=\"e-con-inner\">\n\t\t<div class=\"elementor-element elementor-element-b12960e e-con-full e-flex e-con e-child\" data-id=\"b12960e\" data-element_type=\"container\">\n\t\t\t\t<div class=\"elementor-element elementor-element-fb086b4 elementor-widget elementor-widget-image\" data-id=\"fb086b4\" data-element_type=\"widget\" data-widget_type=\"image.default\">\n\t\t\t\t\t\t\t\t\t\t\t\t\t\t\t<img fetchpriority=\"high\" decoding=\"async\" width=\"1024\" height=\"681\" src=\"https:\/\/www.iglesiaidges.org\/wp-content\/uploads\/2026\/02\/Misineros-1024x681.jpg\" class=\"attachment-large size-large wp-image-5129\" alt=\"\" srcset=\"https:\/\/www.iglesiaidges.org\/wp-content\/uploads\/2026\/02\/Misineros-1024x681.jpg 1024w, https:\/\/www.iglesiaidges.org\/wp-content\/uploads\/2026\/02\/Misineros-300x200.jpg 300w, https:\/\/www.iglesiaidges.org\/wp-content\/uploads\/2026\/02\/Misineros-768x511.jpg 768w, https:\/\/www.iglesiaidges.org\/wp-content\/uploads\/2026\/02\/Misineros-1536x1022.jpg 1536w, https:\/\/www.iglesiaidges.org\/wp-content\/uploads\/2026\/02\/Misineros-2048x1363.jpg 2048w\" sizes=\"(max-width: 1024px) 100vw, 1024px\" \/>\t\t\t\t\t\t\t\t\t\t\t\t\t\t\t<\/div>\n\t\t\t\t<\/div>\n\t\t<div class=\"elementor-element elementor-element-d16ddcf e-con-full e-flex e-con e-child\" data-id=\"d16ddcf\" data-element_type=\"container\">\n\t\t\t\t<div class=\"elementor-element elementor-element-6060d3e elementor-widget elementor-widget-text-editor\" data-id=\"6060d3e\" data-element_type=\"widget\" data-widget_type=\"text-editor.default\">\n\t\t\t\t\t\t\t\t\t<p>MINISTERIO DE MISIONES: Es el encargado de la planeaci\u00f3n y direcci\u00f3n de la Iglesia hacia los proyectos misioneros, levantamiento de fondos para la obra<br \/>misionera, aprobaci\u00f3n de candidatos misioneros a institutos b\u00edblicos o seminarios, mantener la visi\u00f3n misionera delante de la Congregaci\u00f3n todo el a\u00f1o.<\/p><p>Soporte B\u00edblico:\u00a0<\/p>\t\t\t\t\t\t\t\t<\/div>\n\t\t\t\t<\/div>\n\t\t\t\t\t<\/div>\n\t\t\t\t<\/div>\n\t\t<div class=\"elementor-element elementor-element-488f299 e-flex e-con-boxed e-con e-parent\" data-id=\"488f299\" data-element_type=\"container\">\n\t\t\t\t\t<div class=\"e-con-inner\">\n\t\t\t\t<div class=\"elementor-element elementor-element-e132974 elementor-widget elementor-widget-text-editor\" data-id=\"e132974\" data-element_type=\"widget\" data-widget_type=\"text-editor.default\">\n\t\t\t\t\t\t\t\t\t<ul><li><em><em>\u201cPero recibir\u00e9is poder, cuando haya venido sobre vosotros el Esp\u00edritu Santo, y me ser\u00e9is testigos en Jerusal\u00e9n, en toda Judea, en Samaria, y hasta lo \u00faltimo de la tierra.\u201d Hechos 1:8<\/em><\/em><p>\u00a0<\/p><\/li><li><em>\u201c\u00bfY c\u00f3mo predicar\u00e1n si no fueren enviados?\u201d<\/em><br \/><em><em>Romanos 10:15<\/em><\/em><p>\u00a0<\/p><\/li><li>\u201cEntonces o\u00ed la voz del Se\u00f1or, que dec\u00eda: \u00bfA qui\u00e9n enviar\u00e9, y qui\u00e9n ir\u00e1 por nosotros? Entonces respond\u00ed yo: Heme aqu\u00ed, env\u00edame a m\u00ed.\u201d Isa\u00edas 6:8<p>\u00a0<\/p><\/li><li><em>\u201cY establecieron ancianos en cada iglesia, y habiendo orado con ayunos, los encomendaron al Se\u00f1or\u2026\u201d <\/em><em>Hechos 14:23<br \/><br \/><\/em><\/li><li><em>\u201cLa mies es mucha, mas los obreros pocos; rogad, pues, al Se\u00f1or de la mies, que env\u00ede obreros a su mies.\u201d<\/em><br \/><em>Mateo 9:37-38<\/em><\/li><\/ul>\t\t\t\t\t\t\t\t<\/div>\n\t\t\t\t\t<\/div>\n\t\t\t\t<\/div>\n\t\t<div class=\"elementor-element elementor-element-2322506 e-flex e-con-boxed e-con e-parent\" data-id=\"2322506\" data-element_type=\"container\">\n\t\t\t\t\t<div class=\"e-con-inner\">\n\t\t\t\t<div class=\"elementor-element elementor-element-67f5c95 elementor-align-center elementor-widget elementor-widget-button\" data-id=\"67f5c95\" data-element_type=\"widget\" data-widget_type=\"button.default\">\n\t\t\t\t\t\t\t\t\t\t<a class=\"elementor-button elementor-button-link elementor-size-sm\" href=\"https:\/\/www.iglesiaidges.org\/index.php\/ofrendas-ministerios\/\">\n\t\t\t\t\t\t<span class=\"elementor-button-content-wrapper\">\n\t\t\t\t\t\t\t\t\t<span class=\"elementor-button-text\">VER  MAS <\/span>\n\t\t\t\t\t<\/span>\n\t\t\t\t\t<\/a>\n\t\t\t\t\t\t\t\t<\/div>\n\t\t\t\t\t<\/div>\n\t\t\t\t<\/div>\n\t\t\t\t<\/div>\n\t\t","protected":false},"excerpt":{"rendered":"<p>Ministerio de Misiones MINISTERIO DE MISIONES: Es el encargado de la planeaci\u00f3n y direcci\u00f3n de la Iglesia hacia los proyectos misioneros, levantamiento de fondos para la obramisionera, aprobaci\u00f3n de candidatos [&hellip;]<\/p>\n","protected":false},"author":1,"featured_media":0,"parent":0,"menu_order":0,"comment_status":"closed","ping_status":"closed","template":"","meta":{"site-sidebar-layout":"no-sidebar","site-content-layout":"","ast-site-content-layout":"full-width-container","site-content-style":"default","site-sidebar-style":"default","ast-global-header-display":"","ast-banner-title-visibility":"","ast-main-header-display":"","ast-hfb-above-header-display":"","ast-hfb-below-header-display":"","ast-hfb-mobile-header-display":"","site-post-title":"disabled","ast-breadcrumbs-content":"","ast-featured-img":"disabled","footer-sml-layout":"","ast-disable-related-posts":"","theme-transparent-header-meta":"","adv-header-id-meta":"","stick-header-meta":"","header-above-stick-meta":"","header-main-stick-meta":"","header-below-stick-meta":"","astra-migrate-meta-layouts":"default","ast-page-background-enabled":"default","ast-page-background-meta":{"desktop":{"background-color":"var(--ast-global-color-5)","background-image":"","background-repeat":"repeat","background-position":"center center","background-size":"auto","background-attachment":"scroll","background-type":"","background-media":"","overlay-type":"","overlay-color":"","overlay-opacity":"","overlay-gradient":""},"tablet":{"background-color":"","background-image":"","background-repeat":"repeat","background-position":"center center","background-size":"auto","background-attachment":"scroll","background-type":"","background-media":"","overlay-type":"","overlay-color":"","overlay-opacity":"","overlay-gradient":""},"mobile":{"background-color":"","background-image":"","background-repeat":"repeat","background-position":"center center","background-size":"auto","background-attachment":"scroll","background-type":"","background-media":"","overlay-type":"","overlay-color":"","overlay-opacity":"","overlay-gradient":""}},"ast-content-background-meta":{"desktop":{"background-color":"var(--ast-global-color-4)","background-image":"","background-repeat":"repeat","background-position":"center center","background-size":"auto","background-attachment":"scroll","background-type":"","background-media":"","overlay-type":"","overlay-color":"","overlay-opacity":"","overlay-gradient":""},"tablet":{"background-color":"var(--ast-global-color-4)","background-image":"","background-repeat":"repeat","background-position":"center center","background-size":"auto","background-attachment":"scroll","background-type":"","background-media":"","overlay-type":"","overlay-color":"","overlay-opacity":"","overlay-gradient":""},"mobile":{"background-color":"var(--ast-global-color-4)","background-image":"","background-repeat":"repeat","background-position":"center center","background-size":"auto","background-attachment":"scroll","background-type":"","background-media":"","overlay-type":"","overlay-color":"","overlay-opacity":"","overlay-gradient":""}},"footnotes":""},"class_list":["post-5127","page","type-page","status-publish","hentry"],"_links":{"self":[{"href":"https:\/\/www.iglesiaidges.org\/index.php\/wp-json\/wp\/v2\/pages\/5127","targetHints":{"allow":["GET"]}}],"collection":[{"href":"https:\/\/www.iglesiaidges.org\/index.php\/wp-json\/wp\/v2\/pages"}],"about":[{"href":"https:\/\/www.iglesiaidges.org\/index.php\/wp-json\/wp\/v2\/types\/page"}],"author":[{"embeddable":true,"href":"https:\/\/www.iglesiaidges.org\/index.php\/wp-json\/wp\/v2\/users\/1"}],"replies":[{"embeddable":true,"href":"https:\/\/www.iglesiaidges.org\/index.php\/wp-json\/wp\/v2\/comments?post=5127"}],"version-history":[{"count":25,"href":"https:\/\/www.iglesiaidges.org\/index.php\/wp-json\/wp\/v2\/pages\/5127\/revisions"}],"predecessor-version":[{"id":5408,"href":"https:\/\/www.iglesiaidges.org\/index.php\/wp-json\/wp\/v2\/pages\/5127\/revisions\/5408"}],"wp:attachment":[{"href":"https:\/\/www.iglesiaidges.org\/index.php\/wp-json\/wp\/v2\/media?parent=5127"}],"curies":[{"name":"wp","href":"https:\/\/api.w.org\/{rel}","templated":true}]}}