{"id":5159,"date":"2026-02-27T15:20:37","date_gmt":"2026-02-27T20:20:37","guid":{"rendered":"https:\/\/www.iglesiaidges.org\/?page_id=5159"},"modified":"2026-02-27T18:55:49","modified_gmt":"2026-02-27T23:55:49","slug":"ministerio-de-jovenes","status":"publish","type":"page","link":"https:\/\/www.iglesiaidges.org\/index.php\/ministerio-de-jovenes\/","title":{"rendered":"Ministerio de J\u00f3venes"},"content":{"rendered":"\t\t<div data-elementor-type=\"wp-page\" data-elementor-id=\"5159\" class=\"elementor elementor-5159\" data-elementor-post-type=\"page\">\n\t\t\t\t<div class=\"elementor-element elementor-element-b4fbdea e-flex e-con-boxed e-con e-parent\" data-id=\"b4fbdea\" data-element_type=\"container\">\n\t\t\t\t\t<div class=\"e-con-inner\">\n\t\t\t\t<div class=\"elementor-element elementor-element-a54be49 elementor-widget elementor-widget-heading\" data-id=\"a54be49\" data-element_type=\"widget\" data-widget_type=\"heading.default\">\n\t\t\t\t\t<h2 class=\"elementor-heading-title elementor-size-default\">Ministerio de J\u00f3venes<\/h2>\t\t\t\t<\/div>\n\t\t\t\t\t<\/div>\n\t\t\t\t<\/div>\n\t\t<div class=\"elementor-element elementor-element-683c2b5 e-flex e-con-boxed e-con e-parent\" data-id=\"683c2b5\" data-element_type=\"container\">\n\t\t\t\t\t<div class=\"e-con-inner\">\n\t\t<div class=\"elementor-element elementor-element-b12960e e-con-full e-flex e-con e-child\" data-id=\"b12960e\" data-element_type=\"container\">\n\t\t\t\t<div class=\"elementor-element elementor-element-fb086b4 elementor-widget elementor-widget-image\" data-id=\"fb086b4\" data-element_type=\"widget\" data-widget_type=\"image.default\">\n\t\t\t\t\t\t\t\t\t\t\t\t\t\t\t<img fetchpriority=\"high\" decoding=\"async\" width=\"1024\" height=\"474\" src=\"https:\/\/www.iglesiaidges.org\/wp-content\/uploads\/2026\/02\/03-1024x474.jpg\" class=\"attachment-large size-large wp-image-5028\" alt=\"\" srcset=\"https:\/\/www.iglesiaidges.org\/wp-content\/uploads\/2026\/02\/03-1024x474.jpg 1024w, https:\/\/www.iglesiaidges.org\/wp-content\/uploads\/2026\/02\/03-300x139.jpg 300w, https:\/\/www.iglesiaidges.org\/wp-content\/uploads\/2026\/02\/03-768x355.jpg 768w, https:\/\/www.iglesiaidges.org\/wp-content\/uploads\/2026\/02\/03.jpg 1280w\" sizes=\"(max-width: 1024px) 100vw, 1024px\" \/>\t\t\t\t\t\t\t\t\t\t\t\t\t\t\t<\/div>\n\t\t\t\t<\/div>\n\t\t<div class=\"elementor-element elementor-element-d16ddcf e-con-full e-flex e-con e-child\" data-id=\"d16ddcf\" data-element_type=\"container\">\n\t\t\t\t<div class=\"elementor-element elementor-element-6060d3e elementor-widget elementor-widget-text-editor\" data-id=\"6060d3e\" data-element_type=\"widget\" data-widget_type=\"text-editor.default\">\n\t\t\t\t\t\t\t\t\t<p>MINISTERIO JUVENIL: Es el encargado de dirigir y conformar el trabajo con los j\u00f3venes, en reuniones, campa\u00f1as, actividades sociales, musicales; ministraci\u00f3n en consejer\u00eda y orientaci\u00f3n juvenil; recreaci\u00f3n, y compa\u00f1erismo cristiano a nivel local, regional, nacional o Internacional.<\/p><p>Soporte B\u00edblico:\u00a0<\/p>\t\t\t\t\t\t\t\t<\/div>\n\t\t\t\t<\/div>\n\t\t\t\t\t<\/div>\n\t\t\t\t<\/div>\n\t\t<div class=\"elementor-element elementor-element-1d08224 e-flex e-con-boxed e-con e-parent\" data-id=\"1d08224\" data-element_type=\"container\">\n\t\t\t\t\t<div class=\"e-con-inner\">\n\t\t\t\t<div class=\"elementor-element elementor-element-77c3653 elementor-widget elementor-widget-text-editor\" data-id=\"77c3653\" data-element_type=\"widget\" data-widget_type=\"text-editor.default\">\n\t\t\t\t\t\t\t\t\t<ul><li><em>\u201cNinguno tenga en poco tu juventud, sino s\u00e9 ejemplo de los creyentes en palabra, conducta, amor, esp\u00edritu, fe y pureza.\u201d <\/em><em><em>1 Timoteo 4:12<\/em><\/em><p>\u00a0<\/p><\/li><li><em>\u201cAcu\u00e9rdate de tu Creador en los d\u00edas de tu juventud\u2026\u201d <\/em><em><em>Eclesiast\u00e9s 12:1<\/em><\/em><p>\u00a0<\/p><\/li><li><em><em>\u201cHuye tambi\u00e9n de las pasiones juveniles, y sigue la justicia, la fe, el amor y la paz\u2026\u201d 2 Timoteo 2:22<\/em><\/em><p>\u00a0<\/p><\/li><li><em>\u201cMirad cu\u00e1n bueno y cu\u00e1n delicioso es habitar los hermanos juntos en armon\u00eda.\u201d <\/em><em><em>Salmo 133:1<\/em><\/em><p>\u00a0<\/p><\/li><li><em>\u201cPor tanto, id, y haced disc\u00edpulos a todas las naciones\u2026\u201d <\/em><em>Mateo 28:19<\/em><\/li><\/ul>\t\t\t\t\t\t\t\t<\/div>\n\t\t\t\t\t<\/div>\n\t\t\t\t<\/div>\n\t\t<div class=\"elementor-element elementor-element-2090e16 e-flex e-con-boxed e-con e-parent\" data-id=\"2090e16\" data-element_type=\"container\">\n\t\t\t\t\t<div class=\"e-con-inner\">\n\t\t\t\t<div class=\"elementor-element elementor-element-29e109f elementor-align-center elementor-widget elementor-widget-button\" data-id=\"29e109f\" data-element_type=\"widget\" data-widget_type=\"button.default\">\n\t\t\t\t\t\t\t\t\t\t<a class=\"elementor-button elementor-button-link elementor-size-sm\" href=\"https:\/\/www.iglesiaidges.org\/index.php\/ofrendas-ministerios\/\">\n\t\t\t\t\t\t<span class=\"elementor-button-content-wrapper\">\n\t\t\t\t\t\t\t\t\t<span class=\"elementor-button-text\">VER MAS <\/span>\n\t\t\t\t\t<\/span>\n\t\t\t\t\t<\/a>\n\t\t\t\t\t\t\t\t<\/div>\n\t\t\t\t\t<\/div>\n\t\t\t\t<\/div>\n\t\t\t\t<\/div>\n\t\t","protected":false},"excerpt":{"rendered":"<p>Ministerio de J\u00f3venes MINISTERIO JUVENIL: Es el encargado de dirigir y conformar el trabajo con los j\u00f3venes, en reuniones, campa\u00f1as, actividades sociales, musicales; ministraci\u00f3n en consejer\u00eda y orientaci\u00f3n juvenil; recreaci\u00f3n, [&hellip;]<\/p>\n","protected":false},"author":1,"featured_media":0,"parent":0,"menu_order":0,"comment_status":"closed","ping_status":"closed","template":"","meta":{"site-sidebar-layout":"no-sidebar","site-content-layout":"","ast-site-content-layout":"full-width-container","site-content-style":"default","site-sidebar-style":"default","ast-global-header-display":"","ast-banner-title-visibility":"","ast-main-header-display":"","ast-hfb-above-header-display":"","ast-hfb-below-header-display":"","ast-hfb-mobile-header-display":"","site-post-title":"disabled","ast-breadcrumbs-content":"","ast-featured-img":"disabled","footer-sml-layout":"","ast-disable-related-posts":"","theme-transparent-header-meta":"","adv-header-id-meta":"","stick-header-meta":"","header-above-stick-meta":"","header-main-stick-meta":"","header-below-stick-meta":"","astra-migrate-meta-layouts":"default","ast-page-background-enabled":"default","ast-page-background-meta":{"desktop":{"background-color":"var(--ast-global-color-5)","background-image":"","background-repeat":"repeat","background-position":"center center","background-size":"auto","background-attachment":"scroll","background-type":"","background-media":"","overlay-type":"","overlay-color":"","overlay-opacity":"","overlay-gradient":""},"tablet":{"background-color":"","background-image":"","background-repeat":"repeat","background-position":"center center","background-size":"auto","background-attachment":"scroll","background-type":"","background-media":"","overlay-type":"","overlay-color":"","overlay-opacity":"","overlay-gradient":""},"mobile":{"background-color":"","background-image":"","background-repeat":"repeat","background-position":"center center","background-size":"auto","background-attachment":"scroll","background-type":"","background-media":"","overlay-type":"","overlay-color":"","overlay-opacity":"","overlay-gradient":""}},"ast-content-background-meta":{"desktop":{"background-color":"var(--ast-global-color-4)","background-image":"","background-repeat":"repeat","background-position":"center center","background-size":"auto","background-attachment":"scroll","background-type":"","background-media":"","overlay-type":"","overlay-color":"","overlay-opacity":"","overlay-gradient":""},"tablet":{"background-color":"var(--ast-global-color-4)","background-image":"","background-repeat":"repeat","background-position":"center center","background-size":"auto","background-attachment":"scroll","background-type":"","background-media":"","overlay-type":"","overlay-color":"","overlay-opacity":"","overlay-gradient":""},"mobile":{"background-color":"var(--ast-global-color-4)","background-image":"","background-repeat":"repeat","background-position":"center center","background-size":"auto","background-attachment":"scroll","background-type":"","background-media":"","overlay-type":"","overlay-color":"","overlay-opacity":"","overlay-gradient":""}},"footnotes":""},"class_list":["post-5159","page","type-page","status-publish","hentry"],"_links":{"self":[{"href":"https:\/\/www.iglesiaidges.org\/index.php\/wp-json\/wp\/v2\/pages\/5159","targetHints":{"allow":["GET"]}}],"collection":[{"href":"https:\/\/www.iglesiaidges.org\/index.php\/wp-json\/wp\/v2\/pages"}],"about":[{"href":"https:\/\/www.iglesiaidges.org\/index.php\/wp-json\/wp\/v2\/types\/page"}],"author":[{"embeddable":true,"href":"https:\/\/www.iglesiaidges.org\/index.php\/wp-json\/wp\/v2\/users\/1"}],"replies":[{"embeddable":true,"href":"https:\/\/www.iglesiaidges.org\/index.php\/wp-json\/wp\/v2\/comments?post=5159"}],"version-history":[{"count":31,"href":"https:\/\/www.iglesiaidges.org\/index.php\/wp-json\/wp\/v2\/pages\/5159\/revisions"}],"predecessor-version":[{"id":5357,"href":"https:\/\/www.iglesiaidges.org\/index.php\/wp-json\/wp\/v2\/pages\/5159\/revisions\/5357"}],"wp:attachment":[{"href":"https:\/\/www.iglesiaidges.org\/index.php\/wp-json\/wp\/v2\/media?parent=5159"}],"curies":[{"name":"wp","href":"https:\/\/api.w.org\/{rel}","templated":true}]}}