{"id":5168,"date":"2026-02-27T15:30:21","date_gmt":"2026-02-27T20:30:21","guid":{"rendered":"https:\/\/www.iglesiaidges.org\/?page_id=5168"},"modified":"2026-02-27T18:43:41","modified_gmt":"2026-02-27T23:43:41","slug":"ministerio-de-ninos","status":"publish","type":"page","link":"https:\/\/www.iglesiaidges.org\/index.php\/ministerio-de-ninos\/","title":{"rendered":"Ministerio de ni\u00f1os"},"content":{"rendered":"\t\t<div data-elementor-type=\"wp-page\" data-elementor-id=\"5168\" class=\"elementor elementor-5168\" data-elementor-post-type=\"page\">\n\t\t\t\t<div class=\"elementor-element elementor-element-b4fbdea e-flex e-con-boxed e-con e-parent\" data-id=\"b4fbdea\" data-element_type=\"container\">\n\t\t\t\t\t<div class=\"e-con-inner\">\n\t\t\t\t<div class=\"elementor-element elementor-element-a54be49 elementor-widget elementor-widget-heading\" data-id=\"a54be49\" data-element_type=\"widget\" data-widget_type=\"heading.default\">\n\t\t\t\t\t<h2 class=\"elementor-heading-title elementor-size-default\">Ministerio de Ni\u00f1os<\/h2>\t\t\t\t<\/div>\n\t\t\t\t\t<\/div>\n\t\t\t\t<\/div>\n\t\t<div class=\"elementor-element elementor-element-683c2b5 e-flex e-con-boxed e-con e-parent\" data-id=\"683c2b5\" data-element_type=\"container\">\n\t\t\t\t\t<div class=\"e-con-inner\">\n\t\t<div class=\"elementor-element elementor-element-b12960e e-con-full e-flex e-con e-child\" data-id=\"b12960e\" data-element_type=\"container\">\n\t\t\t\t<div class=\"elementor-element elementor-element-fb086b4 elementor-widget elementor-widget-image\" data-id=\"fb086b4\" data-element_type=\"widget\" data-widget_type=\"image.default\">\n\t\t\t\t\t\t\t\t\t\t\t\t\t\t\t<img fetchpriority=\"high\" decoding=\"async\" width=\"1024\" height=\"685\" src=\"https:\/\/www.iglesiaidges.org\/wp-content\/uploads\/2026\/02\/ministerio-de-ninos-1024x685.jpg\" class=\"attachment-large size-large wp-image-5173\" alt=\"\" srcset=\"https:\/\/www.iglesiaidges.org\/wp-content\/uploads\/2026\/02\/ministerio-de-ninos-1024x685.jpg 1024w, https:\/\/www.iglesiaidges.org\/wp-content\/uploads\/2026\/02\/ministerio-de-ninos-300x201.jpg 300w, https:\/\/www.iglesiaidges.org\/wp-content\/uploads\/2026\/02\/ministerio-de-ninos-768x514.jpg 768w, https:\/\/www.iglesiaidges.org\/wp-content\/uploads\/2026\/02\/ministerio-de-ninos-1536x1028.jpg 1536w, https:\/\/www.iglesiaidges.org\/wp-content\/uploads\/2026\/02\/ministerio-de-ninos-2048x1371.jpg 2048w\" sizes=\"(max-width: 1024px) 100vw, 1024px\" \/>\t\t\t\t\t\t\t\t\t\t\t\t\t\t\t<\/div>\n\t\t\t\t<\/div>\n\t\t<div class=\"elementor-element elementor-element-d16ddcf e-con-full e-flex e-con e-child\" data-id=\"d16ddcf\" data-element_type=\"container\">\n\t\t\t\t<div class=\"elementor-element elementor-element-6060d3e elementor-widget elementor-widget-text-editor\" data-id=\"6060d3e\" data-element_type=\"widget\" data-widget_type=\"text-editor.default\">\n\t\t\t\t\t\t\t\t\t<p>MINISTERIO DE NI\u00d1OS: Impartir valores b\u00edblicos a los ni\u00f1os asistentes a la Iglesia en el tiempo de escuela dominical y realizar actividades evangelistas para alcanzar a otros ni\u00f1os y a sus familias. Promover la ense\u00f1anza de valores cristianos a los ni\u00f1os, manteniendo los lineamientos de protecci\u00f3n y aviso de maltratos y dem\u00e1s.\u00a0<\/p><p>Soporte B\u00edblico:\u00a0<\/p>\t\t\t\t\t\t\t\t<\/div>\n\t\t\t\t<\/div>\n\t\t\t\t\t<\/div>\n\t\t\t\t<\/div>\n\t\t<div class=\"elementor-element elementor-element-eaac7f2 e-flex e-con-boxed e-con e-parent\" data-id=\"eaac7f2\" data-element_type=\"container\">\n\t\t\t\t\t<div class=\"e-con-inner\">\n\t\t\t\t<div class=\"elementor-element elementor-element-4a760f9 elementor-widget elementor-widget-text-editor\" data-id=\"4a760f9\" data-element_type=\"widget\" data-widget_type=\"text-editor.default\">\n\t\t\t\t\t\t\t\t\t<ul><li><em>\u201cInstruye al ni\u00f1o en su camino, y aun cuando fuere viejo no se apartar\u00e1 de \u00e9l.\u201d<\/em><br data-start=\"520\" data-end=\"523\" \/><em>Proverbios 22:6<br \/><br \/><\/em><\/li><li><em>\u00a0\u201cPero Jes\u00fas dijo: Dejad a los ni\u00f1os venir a m\u00ed, y no se lo impid\u00e1is; porque de los tales es el reino de los cielos.\u201d Mateo 19:14<br \/><br \/><\/em><\/li><li><em><span style=\"font-size: 16px;\">\u201cY estas palabras que yo te mando hoy, estar\u00e1n sobre tu coraz\u00f3n; y las repetir\u00e1s a tus hijos\u2026\u201d\u00a0<\/span>Deuteronomio 6:6-7\u00a0<br \/><br \/><\/em><\/li><li><em><span style=\"font-size: 17.6px;\">\u201cMirad que no menospreci\u00e9is a uno de estos peque\u00f1os\u2026\u201d <\/span><\/em><span style=\"font-size: 17.6px;\"><em>Mateo 18:10\u00a0<br \/><br \/><\/em><\/span><\/li><li><em><span style=\"font-size: 16px;\">\u201cDefended al d\u00e9bil y al hu\u00e9rfano; haced justicia al afligido y al menesteroso.\u201d\u00a0<\/span>Salmo 82:3<\/em><\/li><\/ul>\t\t\t\t\t\t\t\t<\/div>\n\t\t\t\t\t<\/div>\n\t\t\t\t<\/div>\n\t\t<div class=\"elementor-element elementor-element-7c2e4ef e-flex e-con-boxed e-con e-parent\" data-id=\"7c2e4ef\" data-element_type=\"container\">\n\t\t\t\t\t<div class=\"e-con-inner\">\n\t\t\t\t<div class=\"elementor-element elementor-element-2576744 elementor-align-center elementor-widget elementor-widget-button\" data-id=\"2576744\" data-element_type=\"widget\" data-widget_type=\"button.default\">\n\t\t\t\t\t\t\t\t\t\t<a class=\"elementor-button elementor-button-link elementor-size-sm\" href=\"https:\/\/www.iglesiaidges.org\/index.php\/ofrendas-ministerios\/\">\n\t\t\t\t\t\t<span class=\"elementor-button-content-wrapper\">\n\t\t\t\t\t\t\t\t\t<span class=\"elementor-button-text\">VER MAS <\/span>\n\t\t\t\t\t<\/span>\n\t\t\t\t\t<\/a>\n\t\t\t\t\t\t\t\t<\/div>\n\t\t\t\t\t<\/div>\n\t\t\t\t<\/div>\n\t\t\t\t<\/div>\n\t\t","protected":false},"excerpt":{"rendered":"<p>Ministerio de Ni\u00f1os MINISTERIO DE NI\u00d1OS: Impartir valores b\u00edblicos a los ni\u00f1os asistentes a la Iglesia en el tiempo de escuela dominical y realizar actividades evangelistas para alcanzar a otros [&hellip;]<\/p>\n","protected":false},"author":1,"featured_media":0,"parent":0,"menu_order":0,"comment_status":"closed","ping_status":"closed","template":"","meta":{"site-sidebar-layout":"no-sidebar","site-content-layout":"","ast-site-content-layout":"full-width-container","site-content-style":"default","site-sidebar-style":"default","ast-global-header-display":"","ast-banner-title-visibility":"","ast-main-header-display":"","ast-hfb-above-header-display":"","ast-hfb-below-header-display":"","ast-hfb-mobile-header-display":"","site-post-title":"disabled","ast-breadcrumbs-content":"","ast-featured-img":"disabled","footer-sml-layout":"","ast-disable-related-posts":"","theme-transparent-header-meta":"","adv-header-id-meta":"","stick-header-meta":"","header-above-stick-meta":"","header-main-stick-meta":"","header-below-stick-meta":"","astra-migrate-meta-layouts":"default","ast-page-background-enabled":"default","ast-page-background-meta":{"desktop":{"background-color":"var(--ast-global-color-5)","background-image":"","background-repeat":"repeat","background-position":"center center","background-size":"auto","background-attachment":"scroll","background-type":"","background-media":"","overlay-type":"","overlay-color":"","overlay-opacity":"","overlay-gradient":""},"tablet":{"background-color":"","background-image":"","background-repeat":"repeat","background-position":"center center","background-size":"auto","background-attachment":"scroll","background-type":"","background-media":"","overlay-type":"","overlay-color":"","overlay-opacity":"","overlay-gradient":""},"mobile":{"background-color":"","background-image":"","background-repeat":"repeat","background-position":"center center","background-size":"auto","background-attachment":"scroll","background-type":"","background-media":"","overlay-type":"","overlay-color":"","overlay-opacity":"","overlay-gradient":""}},"ast-content-background-meta":{"desktop":{"background-color":"var(--ast-global-color-4)","background-image":"","background-repeat":"repeat","background-position":"center center","background-size":"auto","background-attachment":"scroll","background-type":"","background-media":"","overlay-type":"","overlay-color":"","overlay-opacity":"","overlay-gradient":""},"tablet":{"background-color":"var(--ast-global-color-4)","background-image":"","background-repeat":"repeat","background-position":"center center","background-size":"auto","background-attachment":"scroll","background-type":"","background-media":"","overlay-type":"","overlay-color":"","overlay-opacity":"","overlay-gradient":""},"mobile":{"background-color":"var(--ast-global-color-4)","background-image":"","background-repeat":"repeat","background-position":"center center","background-size":"auto","background-attachment":"scroll","background-type":"","background-media":"","overlay-type":"","overlay-color":"","overlay-opacity":"","overlay-gradient":""}},"footnotes":""},"class_list":["post-5168","page","type-page","status-publish","hentry"],"_links":{"self":[{"href":"https:\/\/www.iglesiaidges.org\/index.php\/wp-json\/wp\/v2\/pages\/5168","targetHints":{"allow":["GET"]}}],"collection":[{"href":"https:\/\/www.iglesiaidges.org\/index.php\/wp-json\/wp\/v2\/pages"}],"about":[{"href":"https:\/\/www.iglesiaidges.org\/index.php\/wp-json\/wp\/v2\/types\/page"}],"author":[{"embeddable":true,"href":"https:\/\/www.iglesiaidges.org\/index.php\/wp-json\/wp\/v2\/users\/1"}],"replies":[{"embeddable":true,"href":"https:\/\/www.iglesiaidges.org\/index.php\/wp-json\/wp\/v2\/comments?post=5168"}],"version-history":[{"count":31,"href":"https:\/\/www.iglesiaidges.org\/index.php\/wp-json\/wp\/v2\/pages\/5168\/revisions"}],"predecessor-version":[{"id":5333,"href":"https:\/\/www.iglesiaidges.org\/index.php\/wp-json\/wp\/v2\/pages\/5168\/revisions\/5333"}],"wp:attachment":[{"href":"https:\/\/www.iglesiaidges.org\/index.php\/wp-json\/wp\/v2\/media?parent=5168"}],"curies":[{"name":"wp","href":"https:\/\/api.w.org\/{rel}","templated":true}]}}