{"id":5211,"date":"2026-02-27T17:26:47","date_gmt":"2026-02-27T22:26:47","guid":{"rendered":"https:\/\/www.iglesiaidges.org\/?page_id=5211"},"modified":"2026-02-28T14:15:46","modified_gmt":"2026-02-28T19:15:46","slug":"ofrendas-ministerios","status":"publish","type":"page","link":"https:\/\/www.iglesiaidges.org\/index.php\/ofrendas-ministerios\/","title":{"rendered":"Ofrendas Ministerios"},"content":{"rendered":"\t\t<div data-elementor-type=\"wp-page\" data-elementor-id=\"5211\" class=\"elementor elementor-5211\" data-elementor-post-type=\"page\">\n\t\t\t\t<div class=\"elementor-element elementor-element-3e28bb0 e-flex e-con-boxed e-con e-parent\" data-id=\"3e28bb0\" data-element_type=\"container\">\n\t\t\t\t\t<div class=\"e-con-inner\">\n\t\t\t\t<div class=\"elementor-element elementor-element-12bd9d9 elementor-widget elementor-widget-heading\" data-id=\"12bd9d9\" data-element_type=\"widget\" data-widget_type=\"heading.default\">\n\t\t\t\t\t<h2 class=\"elementor-heading-title elementor-size-default\">Ofrenda segura y bien invertida <\/h2>\t\t\t\t<\/div>\n\t\t\t\t\t<\/div>\n\t\t\t\t<\/div>\n\t\t<div class=\"elementor-element elementor-element-ac164fb e-flex e-con-boxed e-con e-parent\" data-id=\"ac164fb\" data-element_type=\"container\">\n\t\t\t\t\t<div class=\"e-con-inner\">\n\t\t<div class=\"elementor-element elementor-element-7497b16 e-con-full e-flex e-con e-child\" data-id=\"7497b16\" data-element_type=\"container\">\n\t\t\t\t<div class=\"elementor-element elementor-element-9ece4b5 elementor-widget elementor-widget-image\" data-id=\"9ece4b5\" data-element_type=\"widget\" data-widget_type=\"image.default\">\n\t\t\t\t\t\t\t\t\t\t\t\t\t\t\t<img fetchpriority=\"high\" decoding=\"async\" width=\"1024\" height=\"683\" src=\"https:\/\/www.iglesiaidges.org\/wp-content\/uploads\/2026\/02\/Ayuda-social-1024x683.jpg\" class=\"attachment-large size-large wp-image-5119\" alt=\"\" srcset=\"https:\/\/www.iglesiaidges.org\/wp-content\/uploads\/2026\/02\/Ayuda-social-1024x683.jpg 1024w, https:\/\/www.iglesiaidges.org\/wp-content\/uploads\/2026\/02\/Ayuda-social-300x200.jpg 300w, https:\/\/www.iglesiaidges.org\/wp-content\/uploads\/2026\/02\/Ayuda-social-768x512.jpg 768w, https:\/\/www.iglesiaidges.org\/wp-content\/uploads\/2026\/02\/Ayuda-social-1536x1024.jpg 1536w, https:\/\/www.iglesiaidges.org\/wp-content\/uploads\/2026\/02\/Ayuda-social-2048x1365.jpg 2048w\" sizes=\"(max-width: 1024px) 100vw, 1024px\" \/>\t\t\t\t\t\t\t\t\t\t\t\t\t\t\t<\/div>\n\t\t\t\t<\/div>\n\t\t<div class=\"elementor-element elementor-element-810554a e-con-full e-flex e-con e-child\" data-id=\"810554a\" data-element_type=\"container\">\n\t\t\t\t<div class=\"elementor-element elementor-element-6e91771 elementor-widget elementor-widget-text-editor\" data-id=\"6e91771\" data-element_type=\"widget\" data-widget_type=\"text-editor.default\">\n\t\t\t\t\t\t\t\t\t<p data-start=\"185\" data-end=\"487\">Todos los ministerios de la Iglesia de Dios Guiada por el Esp\u00edritu Santo cuentan con un equipo de personas id\u00f3neas, en constante formaci\u00f3n y dedicadas a la b\u00fasqueda permanente de la presencia de Dios, con el prop\u00f3sito de realizar cada labor con excelencia, responsabilidad y amor por la obra del Se\u00f1or.<\/p><p data-start=\"489\" data-end=\"701\">Nuestra misi\u00f3n se sostiene gracias a las ofrendas voluntarias de hombres y mujeres que, con generosidad y de coraz\u00f3n, deciden aportar para el crecimiento del Reino de Dios y la transformaci\u00f3n de nuestra sociedad.<\/p>\t\t\t\t\t\t\t\t<\/div>\n\t\t\t\t<\/div>\n\t\t\t\t\t<\/div>\n\t\t\t\t<\/div>\n\t\t<div class=\"elementor-element elementor-element-05dce03 e-flex e-con-boxed e-con e-parent\" data-id=\"05dce03\" data-element_type=\"container\">\n\t\t\t\t\t<div class=\"e-con-inner\">\n\t\t\t\t<div class=\"elementor-element elementor-element-c3e6ff2 elementor-widget elementor-widget-text-editor\" data-id=\"c3e6ff2\" data-element_type=\"widget\" data-widget_type=\"text-editor.default\">\n\t\t\t\t\t\t\t\t\t<p data-start=\"703\" data-end=\"960\">Tu ofrenda nos ayuda a impactar vidas, fortalecer los ministerios, desarrollar proyectos sociales y espirituales, y continuar extendiendo esperanza a muchas familias. Cada aporte es una semilla de bendici\u00f3n que nos permite crecer y servir con mayor alcance.<\/p><p data-start=\"962\" data-end=\"1125\">Todos los recursos que recibimos son utilizados con responsabilidad y transparencia, administrados con principios cristianos y compromiso ante Dios y la comunidad.<br \/>Como est\u00e1 escrito en la Palabra de Dios.<br \/><em>\u201cCada uno d\u00e9 como propuso en su coraz\u00f3n: no con tristeza, ni por necesidad, porque Dios ama al dador alegre.\u201d<\/em><br data-start=\"1280\" data-end=\"1283\" \/><em>2 Corintios 9:7<\/em><\/p>\t\t\t\t\t\t\t\t<\/div>\n\t\t\t\t\t<\/div>\n\t\t\t\t<\/div>\n\t\t<div class=\"elementor-element elementor-element-5b29b9c e-flex e-con-boxed e-con e-parent\" data-id=\"5b29b9c\" data-element_type=\"container\">\n\t\t\t\t\t<div class=\"e-con-inner\">\n\t\t\t\t<div class=\"elementor-element elementor-element-1975f67 elementor-align-center elementor-widget elementor-widget-button\" data-id=\"1975f67\" data-element_type=\"widget\" data-widget_type=\"button.default\">\n\t\t\t\t\t\t\t\t\t\t<a class=\"elementor-button elementor-button-link elementor-size-sm\" href=\"https:\/\/www.mipagoamigo.com\/MPA_WebSite\/ServicePayments\/StartPayment?id=12493&#038;searchedCategoryId=&#038;searchedAgreementName=IDGES\">\n\t\t\t\t\t\t<span class=\"elementor-button-content-wrapper\">\n\t\t\t\t\t\t\t\t\t<span class=\"elementor-button-text\">OFRENDAR AQUI<\/span>\n\t\t\t\t\t<\/span>\n\t\t\t\t\t<\/a>\n\t\t\t\t\t\t\t\t<\/div>\n\t\t\t\t\t<\/div>\n\t\t\t\t<\/div>\n\t\t\t\t<\/div>\n\t\t","protected":false},"excerpt":{"rendered":"<p>Ofrenda segura y bien invertida Todos los ministerios de la Iglesia de Dios Guiada por el Esp\u00edritu Santo cuentan con un equipo de personas id\u00f3neas, en constante formaci\u00f3n y dedicadas [&hellip;]<\/p>\n","protected":false},"author":1,"featured_media":0,"parent":0,"menu_order":0,"comment_status":"closed","ping_status":"closed","template":"","meta":{"site-sidebar-layout":"no-sidebar","site-content-layout":"","ast-site-content-layout":"full-width-container","site-content-style":"default","site-sidebar-style":"default","ast-global-header-display":"","ast-banner-title-visibility":"","ast-main-header-display":"","ast-hfb-above-header-display":"","ast-hfb-below-header-display":"","ast-hfb-mobile-header-display":"","site-post-title":"disabled","ast-breadcrumbs-content":"","ast-featured-img":"disabled","footer-sml-layout":"","ast-disable-related-posts":"","theme-transparent-header-meta":"","adv-header-id-meta":"","stick-header-meta":"","header-above-stick-meta":"","header-main-stick-meta":"","header-below-stick-meta":"","astra-migrate-meta-layouts":"default","ast-page-background-enabled":"default","ast-page-background-meta":{"desktop":{"background-color":"var(--ast-global-color-5)","background-image":"","background-repeat":"repeat","background-position":"center center","background-size":"auto","background-attachment":"scroll","background-type":"","background-media":"","overlay-type":"","overlay-color":"","overlay-opacity":"","overlay-gradient":""},"tablet":{"background-color":"","background-image":"","background-repeat":"repeat","background-position":"center center","background-size":"auto","background-attachment":"scroll","background-type":"","background-media":"","overlay-type":"","overlay-color":"","overlay-opacity":"","overlay-gradient":""},"mobile":{"background-color":"","background-image":"","background-repeat":"repeat","background-position":"center center","background-size":"auto","background-attachment":"scroll","background-type":"","background-media":"","overlay-type":"","overlay-color":"","overlay-opacity":"","overlay-gradient":""}},"ast-content-background-meta":{"desktop":{"background-color":"var(--ast-global-color-4)","background-image":"","background-repeat":"repeat","background-position":"center center","background-size":"auto","background-attachment":"scroll","background-type":"","background-media":"","overlay-type":"","overlay-color":"","overlay-opacity":"","overlay-gradient":""},"tablet":{"background-color":"var(--ast-global-color-4)","background-image":"","background-repeat":"repeat","background-position":"center center","background-size":"auto","background-attachment":"scroll","background-type":"","background-media":"","overlay-type":"","overlay-color":"","overlay-opacity":"","overlay-gradient":""},"mobile":{"background-color":"var(--ast-global-color-4)","background-image":"","background-repeat":"repeat","background-position":"center center","background-size":"auto","background-attachment":"scroll","background-type":"","background-media":"","overlay-type":"","overlay-color":"","overlay-opacity":"","overlay-gradient":""}},"footnotes":""},"class_list":["post-5211","page","type-page","status-publish","hentry"],"_links":{"self":[{"href":"https:\/\/www.iglesiaidges.org\/index.php\/wp-json\/wp\/v2\/pages\/5211","targetHints":{"allow":["GET"]}}],"collection":[{"href":"https:\/\/www.iglesiaidges.org\/index.php\/wp-json\/wp\/v2\/pages"}],"about":[{"href":"https:\/\/www.iglesiaidges.org\/index.php\/wp-json\/wp\/v2\/types\/page"}],"author":[{"embeddable":true,"href":"https:\/\/www.iglesiaidges.org\/index.php\/wp-json\/wp\/v2\/users\/1"}],"replies":[{"embeddable":true,"href":"https:\/\/www.iglesiaidges.org\/index.php\/wp-json\/wp\/v2\/comments?post=5211"}],"version-history":[{"count":39,"href":"https:\/\/www.iglesiaidges.org\/index.php\/wp-json\/wp\/v2\/pages\/5211\/revisions"}],"predecessor-version":[{"id":5575,"href":"https:\/\/www.iglesiaidges.org\/index.php\/wp-json\/wp\/v2\/pages\/5211\/revisions\/5575"}],"wp:attachment":[{"href":"https:\/\/www.iglesiaidges.org\/index.php\/wp-json\/wp\/v2\/media?parent=5211"}],"curies":[{"name":"wp","href":"https:\/\/api.w.org\/{rel}","templated":true}]}}