{"id":561,"date":"2025-12-19T16:20:33","date_gmt":"2025-12-19T21:20:33","guid":{"rendered":"https:\/\/www.iglesiaidges.org\/?page_id=561"},"modified":"2026-02-27T11:28:05","modified_gmt":"2026-02-27T16:28:05","slug":"m","status":"publish","type":"page","link":"https:\/\/www.iglesiaidges.org\/index.php\/m\/","title":{"rendered":"Misi\u00f3n y Visi\u00f3n"},"content":{"rendered":"\t\t<div data-elementor-type=\"wp-page\" data-elementor-id=\"561\" class=\"elementor elementor-561\" data-elementor-post-type=\"page\">\n\t\t\t\t<div class=\"elementor-element elementor-element-9e75800 e-flex e-con-boxed e-con e-parent\" data-id=\"9e75800\" data-element_type=\"container\">\n\t\t\t\t\t<div class=\"e-con-inner\">\n\t\t\t\t<div class=\"elementor-element elementor-element-55a7cc8 elementor-widget elementor-widget-heading\" data-id=\"55a7cc8\" data-element_type=\"widget\" data-widget_type=\"heading.default\">\n\t\t\t\t\t<h3 class=\"elementor-heading-title elementor-size-default\">Nuestra Misi\u00f3n <\/h3>\t\t\t\t<\/div>\n\t\t\t\t\t<\/div>\n\t\t\t\t<\/div>\n\t\t<div class=\"elementor-element elementor-element-f57ec10 e-flex e-con-boxed e-con e-parent\" data-id=\"f57ec10\" data-element_type=\"container\">\n\t\t\t\t\t<div class=\"e-con-inner\">\n\t\t<div class=\"elementor-element elementor-element-7237974 e-con-full e-flex e-con e-child\" data-id=\"7237974\" data-element_type=\"container\">\n\t\t\t\t<div class=\"elementor-element elementor-element-3021693 elementor-widget elementor-widget-image\" data-id=\"3021693\" data-element_type=\"widget\" data-widget_type=\"image.default\">\n\t\t\t\t\t\t\t\t\t\t\t\t\t\t\t<img fetchpriority=\"high\" decoding=\"async\" width=\"1024\" height=\"462\" src=\"https:\/\/www.iglesiaidges.org\/wp-content\/uploads\/2025\/12\/13-1024x462.jpg\" class=\"attachment-large size-large wp-image-568\" alt=\"\" srcset=\"https:\/\/www.iglesiaidges.org\/wp-content\/uploads\/2025\/12\/13-1024x462.jpg 1024w, https:\/\/www.iglesiaidges.org\/wp-content\/uploads\/2025\/12\/13-300x135.jpg 300w, https:\/\/www.iglesiaidges.org\/wp-content\/uploads\/2025\/12\/13-768x346.jpg 768w, https:\/\/www.iglesiaidges.org\/wp-content\/uploads\/2025\/12\/13.jpg 1280w\" sizes=\"(max-width: 1024px) 100vw, 1024px\" \/>\t\t\t\t\t\t\t\t\t\t\t\t\t\t\t<\/div>\n\t\t\t\t<\/div>\n\t\t<div class=\"elementor-element elementor-element-0ad15f1 e-con-full e-flex e-con e-child\" data-id=\"0ad15f1\" data-element_type=\"container\">\n\t\t\t\t<div class=\"elementor-element elementor-element-a54b53a elementor-widget elementor-widget-text-editor\" data-id=\"a54b53a\" data-element_type=\"widget\" data-widget_type=\"text-editor.default\">\n\t\t\t\t\t\t\t\t\t<p data-start=\"223\" data-end=\"482\">A fin de <strong data-start=\"232\" data-end=\"327\">perfeccionar a los santos para la obra del ministerio y la edificaci\u00f3n del cuerpo de Cristo<\/strong>, nuestra iglesia trabaja en el desarrollo integral de cada miembro, fortaleciendo <strong data-start=\"410\" data-end=\"445\">principios y valores familiares<\/strong> fundamentados en la Palabra de Dios.<\/p><p data-start=\"484\" data-end=\"772\">Asimismo, promovemos una fe activa que impulse a cada creyente a <strong data-start=\"549\" data-end=\"583\">proyectarse hacia la comunidad<\/strong>, participando en programas de apoyo y servicio que contribuyan a la construcci\u00f3n de un <strong data-start=\"671\" data-end=\"692\">entorno saludable<\/strong> y a una <strong data-start=\"701\" data-end=\"726\">mejor calidad de vida<\/strong>, reflejando el amor de Cristo en la sociedad.<\/p>\t\t\t\t\t\t\t\t<\/div>\n\t\t\t\t<\/div>\n\t\t\t\t\t<\/div>\n\t\t\t\t<\/div>\n\t\t<div class=\"elementor-element elementor-element-7063683 e-flex e-con-boxed e-con e-parent\" data-id=\"7063683\" data-element_type=\"container\">\n\t\t\t\t\t<div class=\"e-con-inner\">\n\t\t\t\t<div class=\"elementor-element elementor-element-7b10095 elementor-widget elementor-widget-heading\" data-id=\"7b10095\" data-element_type=\"widget\" data-widget_type=\"heading.default\">\n\t\t\t\t\t<h2 class=\"elementor-heading-title elementor-size-default\">Nuestra visi\u00f3n <\/h2>\t\t\t\t<\/div>\n\t\t\t\t\t<\/div>\n\t\t\t\t<\/div>\n\t\t<div class=\"elementor-element elementor-element-7458f90 e-flex e-con-boxed e-con e-parent\" data-id=\"7458f90\" data-element_type=\"container\">\n\t\t\t\t\t<div class=\"e-con-inner\">\n\t\t<div class=\"elementor-element elementor-element-8c44b2d e-con-full e-flex e-con e-child\" data-id=\"8c44b2d\" data-element_type=\"container\">\n\t\t\t\t<div class=\"elementor-element elementor-element-d75ea05 elementor-widget elementor-widget-image\" data-id=\"d75ea05\" data-element_type=\"widget\" data-widget_type=\"image.default\">\n\t\t\t\t\t\t\t\t\t\t\t\t\t\t\t<img decoding=\"async\" width=\"1024\" height=\"768\" src=\"https:\/\/www.iglesiaidges.org\/wp-content\/uploads\/2026\/02\/07-1024x768.jpg\" class=\"attachment-large size-large wp-image-5001\" alt=\"\" srcset=\"https:\/\/www.iglesiaidges.org\/wp-content\/uploads\/2026\/02\/07-1024x768.jpg 1024w, https:\/\/www.iglesiaidges.org\/wp-content\/uploads\/2026\/02\/07-300x225.jpg 300w, https:\/\/www.iglesiaidges.org\/wp-content\/uploads\/2026\/02\/07-768x576.jpg 768w, https:\/\/www.iglesiaidges.org\/wp-content\/uploads\/2026\/02\/07.jpg 1280w\" sizes=\"(max-width: 1024px) 100vw, 1024px\" \/>\t\t\t\t\t\t\t\t\t\t\t\t\t\t\t<\/div>\n\t\t\t\t<\/div>\n\t\t<div class=\"elementor-element elementor-element-bd7527c e-con-full e-flex e-con e-child\" data-id=\"bd7527c\" data-element_type=\"container\">\n\t\t\t\t<div class=\"elementor-element elementor-element-f3f1b33 elementor-widget elementor-widget-text-editor\" data-id=\"f3f1b33\" data-element_type=\"widget\" data-widget_type=\"text-editor.default\">\n\t\t\t\t\t\t\t\t\t<p>Predicar el evangelio de Cristo a la luz de las escrituras, para llegar a un pueblo necesitado y firmemente poder conquistar almas para el Reino de Jesucristo desde la Idges, a trav\u00e9s de la doctrina del Evangelio presentado a nivel nacional e internacional, y Ser una congregaci\u00f3n determinante en el prop\u00f3sitos de Dios; ayudando a restaurar el valor esencial de la sociedad, con denuedo en la prestaci\u00f3n del servicio, y una entrega llena de pasi\u00f3n para estar en la presencia del Esp\u00edritu Santo a trav\u00e9s de la ministraci\u00f3n, oraci\u00f3n, adoraci\u00f3n, y as\u00ed est\u00e9n dispuestas las almas a luchar por ganar la buena batalla hasta los \u00faltimos d\u00edas de su vida, para que en ellas, el Se\u00f1or cumpla su prop\u00f3sito.<\/p>\t\t\t\t\t\t\t\t<\/div>\n\t\t\t\t<\/div>\n\t\t\t\t\t<\/div>\n\t\t\t\t<\/div>\n\t\t\t\t<\/div>\n\t\t","protected":false},"excerpt":{"rendered":"<p>Nuestra Misi\u00f3n A fin de perfeccionar a los santos para la obra del ministerio y la edificaci\u00f3n del cuerpo de Cristo, nuestra iglesia trabaja en el desarrollo integral de cada [&hellip;]<\/p>\n","protected":false},"author":1,"featured_media":0,"parent":0,"menu_order":0,"comment_status":"closed","ping_status":"closed","template":"","meta":{"site-sidebar-layout":"no-sidebar","site-content-layout":"","ast-site-content-layout":"full-width-container","site-content-style":"default","site-sidebar-style":"default","ast-global-header-display":"","ast-banner-title-visibility":"","ast-main-header-display":"","ast-hfb-above-header-display":"","ast-hfb-below-header-display":"","ast-hfb-mobile-header-display":"","site-post-title":"disabled","ast-breadcrumbs-content":"","ast-featured-img":"disabled","footer-sml-layout":"","ast-disable-related-posts":"","theme-transparent-header-meta":"","adv-header-id-meta":"","stick-header-meta":"","header-above-stick-meta":"","header-main-stick-meta":"","header-below-stick-meta":"","astra-migrate-meta-layouts":"default","ast-page-background-enabled":"default","ast-page-background-meta":{"desktop":{"background-color":"var(--ast-global-color-5)","background-image":"","background-repeat":"repeat","background-position":"center center","background-size":"auto","background-attachment":"scroll","background-type":"","background-media":"","overlay-type":"","overlay-color":"","overlay-opacity":"","overlay-gradient":""},"tablet":{"background-color":"","background-image":"","background-repeat":"repeat","background-position":"center center","background-size":"auto","background-attachment":"scroll","background-type":"","background-media":"","overlay-type":"","overlay-color":"","overlay-opacity":"","overlay-gradient":""},"mobile":{"background-color":"","background-image":"","background-repeat":"repeat","background-position":"center center","background-size":"auto","background-attachment":"scroll","background-type":"","background-media":"","overlay-type":"","overlay-color":"","overlay-opacity":"","overlay-gradient":""}},"ast-content-background-meta":{"desktop":{"background-color":"var(--ast-global-color-4)","background-image":"","background-repeat":"repeat","background-position":"center center","background-size":"auto","background-attachment":"scroll","background-type":"","background-media":"","overlay-type":"","overlay-color":"","overlay-opacity":"","overlay-gradient":""},"tablet":{"background-color":"var(--ast-global-color-4)","background-image":"","background-repeat":"repeat","background-position":"center center","background-size":"auto","background-attachment":"scroll","background-type":"","background-media":"","overlay-type":"","overlay-color":"","overlay-opacity":"","overlay-gradient":""},"mobile":{"background-color":"var(--ast-global-color-4)","background-image":"","background-repeat":"repeat","background-position":"center center","background-size":"auto","background-attachment":"scroll","background-type":"","background-media":"","overlay-type":"","overlay-color":"","overlay-opacity":"","overlay-gradient":""}},"footnotes":""},"class_list":["post-561","page","type-page","status-publish","hentry"],"_links":{"self":[{"href":"https:\/\/www.iglesiaidges.org\/index.php\/wp-json\/wp\/v2\/pages\/561","targetHints":{"allow":["GET"]}}],"collection":[{"href":"https:\/\/www.iglesiaidges.org\/index.php\/wp-json\/wp\/v2\/pages"}],"about":[{"href":"https:\/\/www.iglesiaidges.org\/index.php\/wp-json\/wp\/v2\/types\/page"}],"author":[{"embeddable":true,"href":"https:\/\/www.iglesiaidges.org\/index.php\/wp-json\/wp\/v2\/users\/1"}],"replies":[{"embeddable":true,"href":"https:\/\/www.iglesiaidges.org\/index.php\/wp-json\/wp\/v2\/comments?post=561"}],"version-history":[{"count":44,"href":"https:\/\/www.iglesiaidges.org\/index.php\/wp-json\/wp\/v2\/pages\/561\/revisions"}],"predecessor-version":[{"id":5014,"href":"https:\/\/www.iglesiaidges.org\/index.php\/wp-json\/wp\/v2\/pages\/561\/revisions\/5014"}],"wp:attachment":[{"href":"https:\/\/www.iglesiaidges.org\/index.php\/wp-json\/wp\/v2\/media?parent=561"}],"curies":[{"name":"wp","href":"https:\/\/api.w.org\/{rel}","templated":true}]}}